{"id":9418,"date":"2024-04-10T10:15:10","date_gmt":"2024-04-10T03:15:10","guid":{"rendered":"https:\/\/dngcorp.vn\/?page_id=9418"},"modified":"2024-05-20T17:13:12","modified_gmt":"2024-05-20T10:13:12","slug":"training-and-technical-assistance-policies","status":"publish","type":"page","link":"https:\/\/dngcorp.vn\/en\/training-and-technical-assistance-policies\/","title":{"rendered":"Training and technical assistance policies"},"content":{"rendered":"<p><span style=\"color: #282828;\">DNG cam k\u1ebft cung c\u1ea5p ch\u1ea5t l\u01b0\u1ee3ng v\u00e0 gi\u00e1 tr\u1ecb cao nh\u1ea5t cho kh\u00e1ch h\u00e0ng c\u1ee7a m\u00ecnh. \u0110\u1ec3 \u0111\u1ea3m b\u1ea3o kh\u00e1ch h\u00e0ng c\u00f3 ki\u1ebfn th\u1ee9c s\u00e2u v\u1ec1 c\u00e1c s\u1ea3n ph\u1ea9m v\u00e0 gi\u1ea3i ph\u00e1p c\u00f4ng ngh\u1ec7, DNG \u0111\u00e3 ph\u00e1t tri\u1ec3n ch\u00ednh s\u00e1ch \u0111\u00e0o t\u1ea1o s\u1ea3n ph\u1ea9m v\u00e0 h\u1ed7 tr\u1ee3 k\u1ef9 thu\u1eadt to\u00e0n di\u1ec7n.<\/span><\/p>\n<p><span style=\"color: #282828;\"><strong>1. Ch\u00ednh s\u00e1ch \u0110\u00e0o t\u1ea1o S\u1ea3n ph\u1ea9m:<\/strong><\/span><br \/>\n<span style=\"color: #282828;\">DNG cung c\u1ea5p c\u00e1c kh\u00f3a \u0111\u00e0o t\u1ea1o s\u1ea3n ph\u1ea9m cho c\u00e1c \u0111\u1ea1i l\u00fd v\u00e0 nh\u00e0 ph\u00e2n ph\u1ed1i tr\u00ean to\u00e0n qu\u1ed1c. Ch\u00fang t\u00f4i t\u1ed5 ch\u1ee9c c\u00e1c kh\u00f3a \u0111\u00e0o t\u1ea1o n\u00e0y th\u00f4ng qua h\u00ecnh th\u1ee9c tr\u1ef1c tuy\u1ebfn v\u00e0 tr\u1ef1c ti\u1ebfp (offline), nh\u1eb1m \u0111\u00e1p \u1ee9ng nhu c\u1ea7u \u0111a d\u1ea1ng c\u1ee7a kh\u00e1ch h\u00e0ng.<\/span><\/p>\n<p><span style=\"color: #282828;\">N\u1ed9i dung \u0111\u00e0o t\u1ea1o bao g\u1ed3m:<\/span><\/p>\n<ul>\n<li><span style=\"color: #282828;\">Th\u01b0\u01a1ng hi\u1ec7u s\u1ea3n ph\u1ea9m: Ch\u00fang t\u00f4i gi\u1edbi thi\u1ec7u v\u1ec1 c\u00e1c th\u01b0\u01a1ng hi\u1ec7u h\u00e0ng \u0111\u1ea7u m\u00e0 ch\u00fang t\u00f4i ph\u00e2n ph\u1ed1i, bao g\u1ed3m Hanwha Vision, Hikvision, Soltech, Aver, Axis, Network Optix, Seagate, Promise, Faceme&#8230;.<\/span><\/li>\n<li><span style=\"color: #282828;\">Danh s\u00e1ch s\u1ea3n ph\u1ea9m: Ch\u00fang t\u00f4i cung c\u1ea5p th\u00f4ng tin chi ti\u1ebft v\u1ec1 t\u1eebng s\u1ea3n ph\u1ea9m, bao g\u1ed3m c\u00e1c th\u00f4ng s\u1ed1 k\u1ef9 thu\u1eadt, \u1ee9ng d\u1ee5ng v\u00e0 c\u00e1c t\u00ednh n\u0103ng \u0111\u1eb7c bi\u1ec7t c\u1ee7a t\u1eebng s\u1ea3n ph\u1ea9m.<\/span><\/li>\n<li><span style=\"color: #282828;\">\u1ee8ng d\u1ee5ng v\u00e0 gi\u1ea3i ph\u00e1p: Ch\u00fang t\u00f4i h\u01b0\u1edbng d\u1eabn kh\u00e1ch h\u00e0ng v\u1ec1 c\u00e1ch s\u1eed d\u1ee5ng v\u00e0 \u00e1p d\u1ee5ng s\u1ea3n ph\u1ea9m v\u00e0o c\u00e1c gi\u1ea3i ph\u00e1p c\u00f4ng ngh\u1ec7, nh\u1eb1m t\u1ed1i \u01b0u h\u00f3a hi\u1ec7u qu\u1ea3 kinh doanh v\u00e0 quy tr\u00ecnh l\u00e0m vi\u1ec7c c\u1ee7a kh\u00e1ch h\u00e0ng.<\/span><\/li>\n<\/ul>\n<p><span style=\"color: #282828;\"><strong>2. Ch\u00ednh s\u00e1ch H\u1ed7 tr\u1ee3 K\u1ef9 thu\u1eadt:<\/strong><\/span><br \/>\n<span style=\"color: #282828;\">DNG c\u00f3 \u0111\u1ed9i ng\u0169 k\u1ef9 thu\u1eadt chuy\u00ean nghi\u1ec7p v\u00e0 gi\u00e0u kinh nghi\u1ec7m, s\u1eb5n s\u00e0ng cung c\u1ea5p h\u1ed7 tr\u1ee3 k\u1ef9 thu\u1eadt to\u00e0n di\u1ec7n cho kh\u00e1ch h\u00e0ng. Ch\u00fang t\u00f4i cam k\u1ebft \u0111\u1ea3m b\u1ea3o kh\u00e1ch h\u00e0ng nh\u1eadn \u0111\u01b0\u1ee3c s\u1ef1 h\u1ed7 tr\u1ee3 t\u1ed1t nh\u1ea5t v\u00e0 gi\u1ea3i quy\u1ebft m\u1ecdi v\u1ea5n \u0111\u1ec1 k\u1ef9 thu\u1eadt li\u00ean quan \u0111\u1ebfn s\u1ea3n ph\u1ea9m c\u1ee7a ch\u00fang t\u00f4i.<\/span><\/p>\n<p><span style=\"color: #282828;\">D\u1ecbch v\u1ee5 h\u1ed7 tr\u1ee3 k\u1ef9 thu\u1eadt bao g\u1ed3m:<\/span><\/p>\n<ul>\n<li><span style=\"color: #282828;\">T\u01b0 v\u1ea5n v\u00e0 gi\u1ea3i \u0111\u00e1p th\u1eafc m\u1eafc: \u0110\u1ed9i ng\u0169 k\u1ef9 thu\u1eadt c\u1ee7a ch\u00fang t\u00f4i s\u1eb5n s\u00e0ng t\u01b0 v\u1ea5n v\u00e0 gi\u1ea3i \u0111\u00e1p m\u1ecdi th\u1eafc m\u1eafc li\u00ean quan \u0111\u1ebfn s\u1ea3n ph\u1ea9m v\u00e0 gi\u1ea3i ph\u00e1p c\u00f4ng ngh\u1ec7.<\/span><\/li>\n<li><span style=\"color: #282828;\">H\u1ed7 tr\u1ee3 v\u1eadn h\u00e0nh: Ch\u00fang t\u00f4i \u0111\u1ea3m b\u1ea3o h\u1ed7 tr\u1ee3 kh\u00e1ch h\u00e0ng trong qu\u00e1 tr\u00ecnh v\u1eadn h\u00e0nh s\u1ea3n ph\u1ea9m, \u0111\u1ed3ng th\u1eddi gi\u00fap h\u1ecd hi\u1ec3u r\u00f5 v\u00e0 t\u1eadn d\u1ee5ng t\u1ed1i \u0111a ti\u1ec1m n\u0103ng c\u1ee7a s\u1ea3n ph\u1ea9m.<\/span><\/li>\n<li><span style=\"color: #282828;\">B\u1ea3o h\u00e0nh v\u00e0 s\u1eeda ch\u1eefa: Ch\u00fang t\u00f4i cung c\u1ea5p d\u1ecbch v\u1ee5 b\u1ea3o h\u00e0nh v\u00e0 s\u1eeda ch\u1eefa chuy\u00ean nghi\u1ec7p, nh\u1eb1m \u0111\u1ea3m b\u1ea3o s\u1ef1 li\u00ean t\u1ee5c ho\u1ea1t \u0111\u1ed9ng c\u1ee7a s\u1ea3n ph\u1ea9m<\/span><\/li>\n<\/ul>\n<p>M\u1ecdi th\u1eafc m\u1eafc v\u1ec1 ch\u00ednh s\u00e1ch \u0111\u00e0o t\u1ea1o san ph\u1ea9m v\u00e0 h\u1ed7 tr\u1ee3 k\u1ef9 thu\u1eadt kh\u00e1ch h\u00e0ng vui l\u00f2ng li\u00ean h\u1ec7:<\/p>\n<p><strong>C\u00d4NG TY C\u1ed4 PH\u1ea6N C\u00d4NG NGH\u1ec6 V\u00c0 PH\u00c2N PH\u1ed0I DNG<\/strong><\/p>\n<p>* \u0110\u1ecba ch\u1ec9 : BT2A \u2013 106 K\u0110T M\u1ec5 Tr\u00ec Th\u01b0\u1ee3ng, Ph\u01b0\u1eddng M\u1ec5 Tr\u00ec, Qu\u1eadn Nam T\u1eeb Li\u00eam<\/p>\n<p>Chi nh\u00e1nh: T\u1ea7ng 5, To\u00e0 nh\u00e0 Th\u1ecbnh Ph\u00e1t, 88 B\u1ea1ch \u0110\u1eb1ng, Ph\u01b0\u1eddng 2, Qu\u1eadn T\u00e2n B\u00ecnh, H\u1ed3 Ch\u00ed Minh<br \/>\n* Hotline: 0983 95 97 96\/ H\u1ed7 tr\u1ee3 k\u1ef9 thu\u1eadt: 0982 464 508<br \/>\n* Email: sales@dngcorp.vn<br \/>\n* Website: dngcorp.vn<\/p>\n<p>&nbsp;<\/p>\n","protected":false},"excerpt":{"rendered":"<p>DNG cam k\u1ebft cung c\u1ea5p ch\u1ea5t l\u01b0\u1ee3ng v\u00e0 gi\u00e1 tr\u1ecb cao nh\u1ea5t cho kh\u00e1ch h\u00e0ng c\u1ee7a m\u00ecnh. \u0110\u1ec3 \u0111\u1ea3m b\u1ea3o kh\u00e1ch h\u00e0ng c\u00f3 ki\u1ebfn th\u1ee9c s\u00e2u v\u1ec1 c\u00e1c s\u1ea3n ph\u1ea9m v\u00e0 gi\u1ea3i ph\u00e1p c\u00f4ng ngh\u1ec7, DNG \u0111\u00e3 ph\u00e1t tri\u1ec3n ch\u00ednh s\u00e1ch \u0111\u00e0o t\u1ea1o s\u1ea3n ph\u1ea9m v\u00e0 h\u1ed7 tr\u1ee3 k\u1ef9 thu\u1eadt to\u00e0n di\u1ec7n. 1. Ch\u00ednh s\u00e1ch&#8230;<\/p>\n","protected":false},"author":1,"featured_media":0,"parent":0,"menu_order":0,"comment_status":"closed","ping_status":"closed","template":"","meta":{"_acf_changed":false,"footnotes":""},"class_list":["post-9418","page","type-page","status-publish","hentry"],"acf":[],"yoast_head":"<!-- This site is optimized with the Yoast SEO plugin v25.2 - https:\/\/yoast.com\/wordpress\/plugins\/seo\/ -->\n<title>Training and technical assistance policies - DNG SOLUTION DISTRIBUTION JOINT STOCK COMPANY<\/title>\n<meta name=\"robots\" content=\"index, follow, max-snippet:-1, max-image-preview:large, max-video-preview:-1\" \/>\n<link rel=\"canonical\" href=\"https:\/\/dngcorp.vn\/en\/training-and-technical-assistance-policies\/\" \/>\n<meta property=\"og:locale\" content=\"en_US\" \/>\n<meta property=\"og:type\" content=\"article\" \/>\n<meta property=\"og:title\" content=\"Training and technical assistance policies - DNG SOLUTION DISTRIBUTION JOINT STOCK COMPANY\" \/>\n<meta property=\"og:description\" content=\"DNG cam k\u1ebft cung c\u1ea5p ch\u1ea5t l\u01b0\u1ee3ng v\u00e0 gi\u00e1 tr\u1ecb cao nh\u1ea5t cho kh\u00e1ch h\u00e0ng c\u1ee7a m\u00ecnh. \u0110\u1ec3 \u0111\u1ea3m b\u1ea3o kh\u00e1ch h\u00e0ng c\u00f3 ki\u1ebfn th\u1ee9c s\u00e2u v\u1ec1 c\u00e1c s\u1ea3n ph\u1ea9m v\u00e0 gi\u1ea3i ph\u00e1p c\u00f4ng ngh\u1ec7, DNG \u0111\u00e3 ph\u00e1t tri\u1ec3n ch\u00ednh s\u00e1ch \u0111\u00e0o t\u1ea1o s\u1ea3n ph\u1ea9m v\u00e0 h\u1ed7 tr\u1ee3 k\u1ef9 thu\u1eadt to\u00e0n di\u1ec7n. 1. Ch\u00ednh s\u00e1ch...\" \/>\n<meta property=\"og:url\" content=\"https:\/\/dngcorp.vn\/en\/training-and-technical-assistance-policies\/\" \/>\n<meta property=\"og:site_name\" content=\"DNG SOLUTION DISTRIBUTION JOINT STOCK COMPANY\" \/>\n<meta property=\"article:modified_time\" content=\"2024-05-20T10:13:12+00:00\" \/>\n<meta name=\"twitter:card\" content=\"summary_large_image\" \/>\n<meta name=\"twitter:label1\" content=\"Est. reading time\" \/>\n\t<meta name=\"twitter:data1\" content=\"3 minutes\" \/>\n<script type=\"application\/ld+json\" class=\"yoast-schema-graph\">{\"@context\":\"https:\/\/schema.org\",\"@graph\":[{\"@type\":\"WebPage\",\"@id\":\"https:\/\/dngcorp.vn\/en\/training-and-technical-assistance-policies\/\",\"url\":\"https:\/\/dngcorp.vn\/en\/training-and-technical-assistance-policies\/\",\"name\":\"Training and technical assistance policies - DNG SOLUTION DISTRIBUTION JOINT STOCK COMPANY\",\"isPartOf\":{\"@id\":\"https:\/\/dngcorp.vn\/en\/#website\"},\"datePublished\":\"2024-04-10T03:15:10+00:00\",\"dateModified\":\"2024-05-20T10:13:12+00:00\",\"breadcrumb\":{\"@id\":\"https:\/\/dngcorp.vn\/en\/training-and-technical-assistance-policies\/#breadcrumb\"},\"inLanguage\":\"en-US\",\"potentialAction\":[{\"@type\":\"ReadAction\",\"target\":[\"https:\/\/dngcorp.vn\/en\/training-and-technical-assistance-policies\/\"]}]},{\"@type\":\"BreadcrumbList\",\"@id\":\"https:\/\/dngcorp.vn\/en\/training-and-technical-assistance-policies\/#breadcrumb\",\"itemListElement\":[{\"@type\":\"ListItem\",\"position\":1,\"name\":\"Home\",\"item\":\"https:\/\/dngcorp.vn\/en\/\"},{\"@type\":\"ListItem\",\"position\":2,\"name\":\"Training and technical assistance policies\"}]},{\"@type\":\"WebSite\",\"@id\":\"https:\/\/dngcorp.vn\/en\/#website\",\"url\":\"https:\/\/dngcorp.vn\/en\/\",\"name\":\"DNG SOLUTION DISTRIBUTION JOINT STOCK COMPANY\",\"description\":\"Kinh doanh c\u00e1c s\u1ea3n ph\u1ea9m An ninh gi\u00e1m s\u00e1t, Thi\u1ebft b\u1ecb h\u1ed9i ngh\u1ecb truy\u1ec1n h\u00ecnh, Networking, ICT Solution, AI &amp; Software\",\"potentialAction\":[{\"@type\":\"SearchAction\",\"target\":{\"@type\":\"EntryPoint\",\"urlTemplate\":\"https:\/\/dngcorp.vn\/en\/?s={search_term_string}\"},\"query-input\":{\"@type\":\"PropertyValueSpecification\",\"valueRequired\":true,\"valueName\":\"search_term_string\"}}],\"inLanguage\":\"en-US\"}]}<\/script>\n<!-- \/ Yoast SEO plugin. -->","yoast_head_json":{"title":"Training and technical assistance policies - DNG SOLUTION DISTRIBUTION JOINT STOCK COMPANY","robots":{"index":"index","follow":"follow","max-snippet":"max-snippet:-1","max-image-preview":"max-image-preview:large","max-video-preview":"max-video-preview:-1"},"canonical":"https:\/\/dngcorp.vn\/en\/training-and-technical-assistance-policies\/","og_locale":"en_US","og_type":"article","og_title":"Training and technical assistance policies - DNG SOLUTION DISTRIBUTION JOINT STOCK COMPANY","og_description":"DNG cam k\u1ebft cung c\u1ea5p ch\u1ea5t l\u01b0\u1ee3ng v\u00e0 gi\u00e1 tr\u1ecb cao nh\u1ea5t cho kh\u00e1ch h\u00e0ng c\u1ee7a m\u00ecnh. \u0110\u1ec3 \u0111\u1ea3m b\u1ea3o kh\u00e1ch h\u00e0ng c\u00f3 ki\u1ebfn th\u1ee9c s\u00e2u v\u1ec1 c\u00e1c s\u1ea3n ph\u1ea9m v\u00e0 gi\u1ea3i ph\u00e1p c\u00f4ng ngh\u1ec7, DNG \u0111\u00e3 ph\u00e1t tri\u1ec3n ch\u00ednh s\u00e1ch \u0111\u00e0o t\u1ea1o s\u1ea3n ph\u1ea9m v\u00e0 h\u1ed7 tr\u1ee3 k\u1ef9 thu\u1eadt to\u00e0n di\u1ec7n. 1. Ch\u00ednh s\u00e1ch...","og_url":"https:\/\/dngcorp.vn\/en\/training-and-technical-assistance-policies\/","og_site_name":"DNG SOLUTION DISTRIBUTION JOINT STOCK COMPANY","article_modified_time":"2024-05-20T10:13:12+00:00","twitter_card":"summary_large_image","twitter_misc":{"Est. reading time":"3 minutes"},"schema":{"@context":"https:\/\/schema.org","@graph":[{"@type":"WebPage","@id":"https:\/\/dngcorp.vn\/en\/training-and-technical-assistance-policies\/","url":"https:\/\/dngcorp.vn\/en\/training-and-technical-assistance-policies\/","name":"Training and technical assistance policies - DNG SOLUTION DISTRIBUTION JOINT STOCK COMPANY","isPartOf":{"@id":"https:\/\/dngcorp.vn\/en\/#website"},"datePublished":"2024-04-10T03:15:10+00:00","dateModified":"2024-05-20T10:13:12+00:00","breadcrumb":{"@id":"https:\/\/dngcorp.vn\/en\/training-and-technical-assistance-policies\/#breadcrumb"},"inLanguage":"en-US","potentialAction":[{"@type":"ReadAction","target":["https:\/\/dngcorp.vn\/en\/training-and-technical-assistance-policies\/"]}]},{"@type":"BreadcrumbList","@id":"https:\/\/dngcorp.vn\/en\/training-and-technical-assistance-policies\/#breadcrumb","itemListElement":[{"@type":"ListItem","position":1,"name":"Home","item":"https:\/\/dngcorp.vn\/en\/"},{"@type":"ListItem","position":2,"name":"Training and technical assistance policies"}]},{"@type":"WebSite","@id":"https:\/\/dngcorp.vn\/en\/#website","url":"https:\/\/dngcorp.vn\/en\/","name":"DNG SOLUTION DISTRIBUTION JOINT STOCK COMPANY","description":"Kinh doanh c\u00e1c s\u1ea3n ph\u1ea9m An ninh gi\u00e1m s\u00e1t, Thi\u1ebft b\u1ecb h\u1ed9i ngh\u1ecb truy\u1ec1n h\u00ecnh, Networking, ICT Solution, AI &amp; Software","potentialAction":[{"@type":"SearchAction","target":{"@type":"EntryPoint","urlTemplate":"https:\/\/dngcorp.vn\/en\/?s={search_term_string}"},"query-input":{"@type":"PropertyValueSpecification","valueRequired":true,"valueName":"search_term_string"}}],"inLanguage":"en-US"}]}},"_links":{"self":[{"href":"https:\/\/dngcorp.vn\/en\/wp-json\/wp\/v2\/pages\/9418","targetHints":{"allow":["GET"]}}],"collection":[{"href":"https:\/\/dngcorp.vn\/en\/wp-json\/wp\/v2\/pages"}],"about":[{"href":"https:\/\/dngcorp.vn\/en\/wp-json\/wp\/v2\/types\/page"}],"author":[{"embeddable":true,"href":"https:\/\/dngcorp.vn\/en\/wp-json\/wp\/v2\/users\/1"}],"replies":[{"embeddable":true,"href":"https:\/\/dngcorp.vn\/en\/wp-json\/wp\/v2\/comments?post=9418"}],"version-history":[{"count":1,"href":"https:\/\/dngcorp.vn\/en\/wp-json\/wp\/v2\/pages\/9418\/revisions"}],"predecessor-version":[{"id":9419,"href":"https:\/\/dngcorp.vn\/en\/wp-json\/wp\/v2\/pages\/9418\/revisions\/9419"}],"wp:attachment":[{"href":"https:\/\/dngcorp.vn\/en\/wp-json\/wp\/v2\/media?parent=9418"}],"curies":[{"name":"wp","href":"https:\/\/api.w.org\/{rel}","templated":true}]}}