{"id":12226,"date":"2024-06-22T10:10:51","date_gmt":"2024-06-22T03:10:51","guid":{"rendered":"https:\/\/dngcorp.vn\/san-pham\/dieu-huong\/"},"modified":"2024-06-22T10:10:51","modified_gmt":"2024-06-22T03:10:51","slug":"dieu-huong","status":"publish","type":"product","link":"https:\/\/dngcorp.vn\/en\/san-pham\/dieu-huong\/","title":{"rendered":"\u0110i\u1ec1u h\u01b0\u1edbng"},"content":{"rendered":"<ul>\n<li>H\u1ed7 tr\u1ee3 ph\u00e2n t\u00edch m\u1ed9t th\u1ef1c th\u1ec3 chuy\u1ec3n \u0111\u1ed9ng (con ng\u01b0\u1eddi, ph\u01b0\u01a1ng ti\u1ec7n) c\u00f3 \u0111ang di chuy\u1ec3n sai h\u01b0\u1edbng hay kh\u00f4ng.<\/li>\n<li>\u0110i\u1ec1u n\u00e0y \u0111\u01b0\u1ee3c s\u1eed d\u1ee5ng \u0111\u1ec3 gi\u00e1m s\u00e1t \u0111\u01b0\u1eddng m\u1ed9t chi\u1ec1u \u0111\u1ed1i v\u1edbi ng\u01b0\u1eddi vi ph\u1ea1m ho\u1eb7c lu\u1ed3ng giao th\u00f4ng c\u1ee7a con ng\u01b0\u1eddi t\u1ea1i c\u00e1c l\u1ed1i v\u00e0o v\u00e0 l\u1ed1i ra.<\/li>\n<\/ul>\n","protected":false},"excerpt":{"rendered":"<ul>\n<li>H\u1ed7 tr\u1ee3 ph\u00e2n t\u00edch m\u1ed9t th\u1ef1c th\u1ec3 chuy\u1ec3n \u0111\u1ed9ng (con ng\u01b0\u1eddi, ph\u01b0\u01a1ng ti\u1ec7n) c\u00f3 \u0111ang di chuy\u1ec3n sai h\u01b0\u1edbng hay kh\u00f4ng.<\/li>\n<li>\u0110i\u1ec1u n\u00e0y \u0111\u01b0\u1ee3c s\u1eed d\u1ee5ng \u0111\u1ec3 gi\u00e1m s\u00e1t \u0111\u01b0\u1eddng m\u1ed9t chi\u1ec1u \u0111\u1ed1i v\u1edbi ng\u01b0\u1eddi vi ph\u1ea1m ho\u1eb7c lu\u1ed3ng giao th\u00f4ng c\u1ee7a con ng\u01b0\u1eddi t\u1ea1i c\u00e1c l\u1ed1i v\u00e0o v\u00e0 l\u1ed1i ra.<\/li>\n<\/ul>\n","protected":false},"featured_media":12599,"comment_status":"open","ping_status":"closed","template":"","meta":{"_acf_changed":false},"brand_cat":[341],"product_brand":[],"product_cat":[301],"product_tag":[],"class_list":{"0":"post-12226","1":"product","2":"type-product","3":"status-publish","4":"has-post-thumbnail","6":"brand_cat-network-optix-en","7":"product_cat-ai-platform-en","9":"first","10":"instock","11":"shipping-taxable","12":"product-type-simple"},"acf":[],"yoast_head":"<!-- This site is optimized with the Yoast SEO plugin v25.2 - https:\/\/yoast.com\/wordpress\/plugins\/seo\/ -->\n<title>\u0110i\u1ec1u h\u01b0\u1edbng - DNG SOLUTION DISTRIBUTION JOINT STOCK COMPANY<\/title>\n<meta name=\"robots\" content=\"index, follow, max-snippet:-1, max-image-preview:large, max-video-preview:-1\" \/>\n<link rel=\"canonical\" href=\"https:\/\/dngcorp.vn\/en\/san-pham\/dieu-huong\/\" \/>\n<meta property=\"og:locale\" content=\"en_US\" \/>\n<meta property=\"og:type\" content=\"article\" \/>\n<meta property=\"og:title\" content=\"\u0110i\u1ec1u h\u01b0\u1edbng - DNG SOLUTION DISTRIBUTION JOINT STOCK COMPANY\" \/>\n<meta property=\"og:description\" content=\"H\u1ed7 tr\u1ee3 ph\u00e2n t\u00edch m\u1ed9t th\u1ef1c th\u1ec3 chuy\u1ec3n \u0111\u1ed9ng (con ng\u01b0\u1eddi, ph\u01b0\u01a1ng ti\u1ec7n) c\u00f3 \u0111ang di chuy\u1ec3n sai h\u01b0\u1edbng hay kh\u00f4ng.  \u0110i\u1ec1u n\u00e0y \u0111\u01b0\u1ee3c s\u1eed d\u1ee5ng \u0111\u1ec3 gi\u00e1m s\u00e1t \u0111\u01b0\u1eddng m\u1ed9t chi\u1ec1u \u0111\u1ed1i v\u1edbi ng\u01b0\u1eddi vi ph\u1ea1m ho\u1eb7c lu\u1ed3ng giao th\u00f4ng c\u1ee7a con ng\u01b0\u1eddi t\u1ea1i c\u00e1c l\u1ed1i v\u00e0o v\u00e0 l\u1ed1i ra.\" \/>\n<meta property=\"og:url\" content=\"https:\/\/dngcorp.vn\/en\/san-pham\/dieu-huong\/\" \/>\n<meta property=\"og:site_name\" content=\"DNG SOLUTION DISTRIBUTION JOINT STOCK COMPANY\" \/>\n<meta name=\"twitter:card\" content=\"summary_large_image\" \/>\n<script type=\"application\/ld+json\" class=\"yoast-schema-graph\">{\"@context\":\"https:\/\/schema.org\",\"@graph\":[{\"@type\":\"WebPage\",\"@id\":\"https:\/\/dngcorp.vn\/en\/san-pham\/dieu-huong\/\",\"url\":\"https:\/\/dngcorp.vn\/en\/san-pham\/dieu-huong\/\",\"name\":\"\u0110i\u1ec1u h\u01b0\u1edbng - DNG SOLUTION DISTRIBUTION JOINT STOCK COMPANY\",\"isPartOf\":{\"@id\":\"https:\/\/dngcorp.vn\/en\/#website\"},\"primaryImageOfPage\":{\"@id\":\"https:\/\/dngcorp.vn\/en\/san-pham\/dieu-huong\/#primaryimage\"},\"image\":{\"@id\":\"https:\/\/dngcorp.vn\/en\/san-pham\/dieu-huong\/#primaryimage\"},\"thumbnailUrl\":\"https:\/\/dngcorp.vn\/wp-content\/uploads\/2024\/06\/dieu-huong.png\",\"datePublished\":\"2024-06-22T03:10:51+00:00\",\"breadcrumb\":{\"@id\":\"https:\/\/dngcorp.vn\/en\/san-pham\/dieu-huong\/#breadcrumb\"},\"inLanguage\":\"en-US\",\"potentialAction\":[{\"@type\":\"ReadAction\",\"target\":[\"https:\/\/dngcorp.vn\/en\/san-pham\/dieu-huong\/\"]}]},{\"@type\":\"ImageObject\",\"inLanguage\":\"en-US\",\"@id\":\"https:\/\/dngcorp.vn\/en\/san-pham\/dieu-huong\/#primaryimage\",\"url\":\"https:\/\/dngcorp.vn\/wp-content\/uploads\/2024\/06\/dieu-huong.png\",\"contentUrl\":\"https:\/\/dngcorp.vn\/wp-content\/uploads\/2024\/06\/dieu-huong.png\",\"width\":1000,\"height\":1000},{\"@type\":\"BreadcrumbList\",\"@id\":\"https:\/\/dngcorp.vn\/en\/san-pham\/dieu-huong\/#breadcrumb\",\"itemListElement\":[{\"@type\":\"ListItem\",\"position\":1,\"name\":\"Home\",\"item\":\"https:\/\/dngcorp.vn\/en\/\"},{\"@type\":\"ListItem\",\"position\":2,\"name\":\"Shop\",\"item\":\"https:\/\/dngcorp.vn\/en\/shop\/\"},{\"@type\":\"ListItem\",\"position\":3,\"name\":\"\u0110i\u1ec1u h\u01b0\u1edbng\"}]},{\"@type\":\"WebSite\",\"@id\":\"https:\/\/dngcorp.vn\/en\/#website\",\"url\":\"https:\/\/dngcorp.vn\/en\/\",\"name\":\"DNG SOLUTION DISTRIBUTION JOINT STOCK COMPANY\",\"description\":\"Kinh doanh c\u00e1c s\u1ea3n ph\u1ea9m An ninh gi\u00e1m s\u00e1t, Thi\u1ebft b\u1ecb h\u1ed9i ngh\u1ecb truy\u1ec1n h\u00ecnh, Networking, ICT Solution, AI &amp; Software\",\"potentialAction\":[{\"@type\":\"SearchAction\",\"target\":{\"@type\":\"EntryPoint\",\"urlTemplate\":\"https:\/\/dngcorp.vn\/en\/?s={search_term_string}\"},\"query-input\":{\"@type\":\"PropertyValueSpecification\",\"valueRequired\":true,\"valueName\":\"search_term_string\"}}],\"inLanguage\":\"en-US\"}]}<\/script>\n<!-- \/ Yoast SEO plugin. -->","yoast_head_json":{"title":"\u0110i\u1ec1u h\u01b0\u1edbng - DNG SOLUTION DISTRIBUTION JOINT STOCK COMPANY","robots":{"index":"index","follow":"follow","max-snippet":"max-snippet:-1","max-image-preview":"max-image-preview:large","max-video-preview":"max-video-preview:-1"},"canonical":"https:\/\/dngcorp.vn\/en\/san-pham\/dieu-huong\/","og_locale":"en_US","og_type":"article","og_title":"\u0110i\u1ec1u h\u01b0\u1edbng - DNG SOLUTION DISTRIBUTION JOINT STOCK COMPANY","og_description":"H\u1ed7 tr\u1ee3 ph\u00e2n t\u00edch m\u1ed9t th\u1ef1c th\u1ec3 chuy\u1ec3n \u0111\u1ed9ng (con ng\u01b0\u1eddi, ph\u01b0\u01a1ng ti\u1ec7n) c\u00f3 \u0111ang di chuy\u1ec3n sai h\u01b0\u1edbng hay kh\u00f4ng.  \u0110i\u1ec1u n\u00e0y \u0111\u01b0\u1ee3c s\u1eed d\u1ee5ng \u0111\u1ec3 gi\u00e1m s\u00e1t \u0111\u01b0\u1eddng m\u1ed9t chi\u1ec1u \u0111\u1ed1i v\u1edbi ng\u01b0\u1eddi vi ph\u1ea1m ho\u1eb7c lu\u1ed3ng giao th\u00f4ng c\u1ee7a con ng\u01b0\u1eddi t\u1ea1i c\u00e1c l\u1ed1i v\u00e0o v\u00e0 l\u1ed1i ra.","og_url":"https:\/\/dngcorp.vn\/en\/san-pham\/dieu-huong\/","og_site_name":"DNG SOLUTION DISTRIBUTION JOINT STOCK COMPANY","twitter_card":"summary_large_image","schema":{"@context":"https:\/\/schema.org","@graph":[{"@type":"WebPage","@id":"https:\/\/dngcorp.vn\/en\/san-pham\/dieu-huong\/","url":"https:\/\/dngcorp.vn\/en\/san-pham\/dieu-huong\/","name":"\u0110i\u1ec1u h\u01b0\u1edbng - DNG SOLUTION DISTRIBUTION JOINT STOCK COMPANY","isPartOf":{"@id":"https:\/\/dngcorp.vn\/en\/#website"},"primaryImageOfPage":{"@id":"https:\/\/dngcorp.vn\/en\/san-pham\/dieu-huong\/#primaryimage"},"image":{"@id":"https:\/\/dngcorp.vn\/en\/san-pham\/dieu-huong\/#primaryimage"},"thumbnailUrl":"https:\/\/dngcorp.vn\/wp-content\/uploads\/2024\/06\/dieu-huong.png","datePublished":"2024-06-22T03:10:51+00:00","breadcrumb":{"@id":"https:\/\/dngcorp.vn\/en\/san-pham\/dieu-huong\/#breadcrumb"},"inLanguage":"en-US","potentialAction":[{"@type":"ReadAction","target":["https:\/\/dngcorp.vn\/en\/san-pham\/dieu-huong\/"]}]},{"@type":"ImageObject","inLanguage":"en-US","@id":"https:\/\/dngcorp.vn\/en\/san-pham\/dieu-huong\/#primaryimage","url":"https:\/\/dngcorp.vn\/wp-content\/uploads\/2024\/06\/dieu-huong.png","contentUrl":"https:\/\/dngcorp.vn\/wp-content\/uploads\/2024\/06\/dieu-huong.png","width":1000,"height":1000},{"@type":"BreadcrumbList","@id":"https:\/\/dngcorp.vn\/en\/san-pham\/dieu-huong\/#breadcrumb","itemListElement":[{"@type":"ListItem","position":1,"name":"Home","item":"https:\/\/dngcorp.vn\/en\/"},{"@type":"ListItem","position":2,"name":"Shop","item":"https:\/\/dngcorp.vn\/en\/shop\/"},{"@type":"ListItem","position":3,"name":"\u0110i\u1ec1u h\u01b0\u1edbng"}]},{"@type":"WebSite","@id":"https:\/\/dngcorp.vn\/en\/#website","url":"https:\/\/dngcorp.vn\/en\/","name":"DNG SOLUTION DISTRIBUTION JOINT STOCK COMPANY","description":"Kinh doanh c\u00e1c s\u1ea3n ph\u1ea9m An ninh gi\u00e1m s\u00e1t, Thi\u1ebft b\u1ecb h\u1ed9i ngh\u1ecb truy\u1ec1n h\u00ecnh, Networking, ICT Solution, AI &amp; Software","potentialAction":[{"@type":"SearchAction","target":{"@type":"EntryPoint","urlTemplate":"https:\/\/dngcorp.vn\/en\/?s={search_term_string}"},"query-input":{"@type":"PropertyValueSpecification","valueRequired":true,"valueName":"search_term_string"}}],"inLanguage":"en-US"}]}},"_links":{"self":[{"href":"https:\/\/dngcorp.vn\/en\/wp-json\/wp\/v2\/product\/12226","targetHints":{"allow":["GET"]}}],"collection":[{"href":"https:\/\/dngcorp.vn\/en\/wp-json\/wp\/v2\/product"}],"about":[{"href":"https:\/\/dngcorp.vn\/en\/wp-json\/wp\/v2\/types\/product"}],"replies":[{"embeddable":true,"href":"https:\/\/dngcorp.vn\/en\/wp-json\/wp\/v2\/comments?post=12226"}],"wp:featuredmedia":[{"embeddable":true,"href":"https:\/\/dngcorp.vn\/en\/wp-json\/wp\/v2\/media\/12599"}],"wp:attachment":[{"href":"https:\/\/dngcorp.vn\/en\/wp-json\/wp\/v2\/media?parent=12226"}],"wp:term":[{"taxonomy":"brand_cat","embeddable":true,"href":"https:\/\/dngcorp.vn\/en\/wp-json\/wp\/v2\/brand_cat?post=12226"},{"taxonomy":"product_brand","embeddable":true,"href":"https:\/\/dngcorp.vn\/en\/wp-json\/wp\/v2\/product_brand?post=12226"},{"taxonomy":"product_cat","embeddable":true,"href":"https:\/\/dngcorp.vn\/en\/wp-json\/wp\/v2\/product_cat?post=12226"},{"taxonomy":"product_tag","embeddable":true,"href":"https:\/\/dngcorp.vn\/en\/wp-json\/wp\/v2\/product_tag?post=12226"}],"curies":[{"name":"wp","href":"https:\/\/api.w.org\/{rel}","templated":true}]}}