{"id":12239,"date":"2024-06-12T15:44:44","date_gmt":"2024-06-12T08:44:44","guid":{"rendered":"https:\/\/dngcorp.vn\/san-pham\/promise-vess-a8600-win10-diskless-dual-cpu\/"},"modified":"2024-08-24T11:24:31","modified_gmt":"2024-08-24T04:24:31","slug":"promise-vess-a8600-win10-diskless-dual-cpu","status":"publish","type":"product","link":"https:\/\/dngcorp.vn\/en\/san-pham\/promise-vess-a8600-win10-diskless-dual-cpu\/","title":{"rendered":"Promise Vess A8600 &#8211; Win10 Diskless (Dual CPU)"},"content":{"rendered":"<h3 style=\"text-align: justify;\">Performance and Capacity<\/h3>\n<p style=\"text-align: justify;\">The Vess A8600 and A8800 combines performance and scalable on premise storage capacity ideal for video surveillance and data-intensive workloads of large enterprises. Vess A8600 and A8800 are specially engineered for video recording and Intelligent Video Analytics (IVA) applications. Hardware options include PCI slots suitable for an additional Intel Xeon CPU (dual CPU option); or a GPU card can be used for video analytics or other processor intensive applications.<\/p>\n<p><img loading=\"lazy\" decoding=\"async\" class=\"size-full wp-image-11784 aligncenter\" src=\"https:\/\/dngcorp.vn\/wp-content\/uploads\/2024\/06\/Vess-A8600.jpg\" alt=\"\" width=\"800\" height=\"234\" srcset=\"https:\/\/dngcorp.vn\/wp-content\/uploads\/2024\/06\/Vess-A8600.jpg 800w, https:\/\/dngcorp.vn\/wp-content\/uploads\/2024\/06\/Vess-A8600-300x88.jpg 300w, https:\/\/dngcorp.vn\/wp-content\/uploads\/2024\/06\/Vess-A8600-768x225.jpg 768w, https:\/\/dngcorp.vn\/wp-content\/uploads\/2024\/06\/Vess-A8600-330x97.jpg 330w, https:\/\/dngcorp.vn\/wp-content\/uploads\/2024\/06\/Vess-A8600-600x176.jpg 600w\" sizes=\"auto, (max-width: 800px) 100vw, 800px\" \/><\/p>\n<div class=\"row\">\n<p style=\"text-align: justify;\">PROMISE proprietary SmartBoost\u2122 and PromiseRAID technology ensures robust, high-performance storage for video recording without frame drop; it has proven itself in the industry in thousands of large-scale deployments worldwide.<\/p>\n<p style=\"text-align: justify;\">Storage capacity of 320TB for the Vess A8600 and 480TB for the Vess A8800 plus huge scale up potential (320TB \/ 480TB) provides flexibility for future growth. Capacity can be seamlessly added to an existing setup as needed using Vess R3000\/J3000 external storage hardware connected via iSCSI interface.<\/p>\n<\/div>\n<hr \/>\n<div class=\"row\" style=\"text-align: justify;\">\n<h3>Simplified Management and Reduced Complexity<\/h3>\n<p>Vess A8600 and A8800 simplifies management of the surveillance network for daily operation. Integration of recorder and storage servers provides a total video surveillance solution combining VMS software and external storage. The legacy of the Vess A-Series is fully expressed in the Vess A8600 and A8800 with features integrated into the most popular VMS vendors. The systems are easy to setup, manage and maintain, greatly reducing the burden upon already overloaded IT staff. Once in place, little active management is needed and for many VMS platforms, storage system status is monitored directly the VMS user interface using a special plug-in designed for the particular VMS. Management software supports SNMPv2 as well as SNMP v3 for additional security.<\/p>\n<p>Modular hardware design enables quick replacement in the field for components such as hard drives and power supplies plus One Plug Auto Service (OPAS) for fast diagnosis of any problems by PROMISE tech support staff available 24\/7 online or via phone.<\/p>\n<\/div>\n<p style=\"text-align: justify;\"><img loading=\"lazy\" decoding=\"async\" class=\"aligncenter wp-image-11786\" src=\"https:\/\/dngcorp.vn\/wp-content\/uploads\/2024\/06\/A8600-02.png\" alt=\"\" width=\"665\" height=\"283\" srcset=\"https:\/\/dngcorp.vn\/wp-content\/uploads\/2024\/06\/A8600-02.png 940w, https:\/\/dngcorp.vn\/wp-content\/uploads\/2024\/06\/A8600-02-300x128.png 300w, https:\/\/dngcorp.vn\/wp-content\/uploads\/2024\/06\/A8600-02-768x327.png 768w, https:\/\/dngcorp.vn\/wp-content\/uploads\/2024\/06\/A8600-02-330x140.png 330w, https:\/\/dngcorp.vn\/wp-content\/uploads\/2024\/06\/A8600-02-600x255.png 600w\" sizes=\"auto, (max-width: 665px) 100vw, 665px\" \/><\/p>\n<h3 style=\"text-align: justify;\">Reduced Power Consumption and Green Technology<\/h3>\n<p style=\"text-align: justify;\">PROMISE is committed to creating products that are power efficient and reduce harmful waste in the manufacturing. The new Vess A8600\/A8800 continues in this effort with hot-swappable power supply modules and green design concepts (GreenBoost\u2122 technology) incorporated into the hardware engineering to reduce power consumption, noise and thermal output.<\/p>\n<p><img loading=\"lazy\" decoding=\"async\" class=\"aligncenter wp-image-11788\" src=\"https:\/\/dngcorp.vn\/wp-content\/uploads\/2024\/06\/A8600_3.png\" alt=\"\" width=\"659\" height=\"384\" srcset=\"https:\/\/dngcorp.vn\/wp-content\/uploads\/2024\/06\/A8600_3.png 600w, https:\/\/dngcorp.vn\/wp-content\/uploads\/2024\/06\/A8600_3-300x175.png 300w, https:\/\/dngcorp.vn\/wp-content\/uploads\/2024\/06\/A8600_3-330x193.png 330w\" sizes=\"auto, (max-width: 659px) 100vw, 659px\" \/><\/p>\n","protected":false},"excerpt":{"rendered":"<ul>\n<li>Operating System (64Bit): Windows 10<\/li>\n<li>Number of Cameras Supported: 200 Cameras<\/li>\n<li>Processor: Intel Xeon\u00ae Silver4210R x 2<\/li>\n<li>Hard Drive Bay: 3U\/16 Hard Drive Bays (3.5&#8243;)<\/li>\n<li>OS Memory: M.2 PCIe NVMe SSD 256GB<\/li>\n<li>Default Internal Memory: 64GB DDR4<\/li>\n<li>Communication Ports: 4 x Gigabit Ethernet<\/li>\n<li>IPMI Port: 1 x RJ45 Dedicated IPMI LAN port<\/li>\n<li>Expanded Storage Connection Standard: iSCSI<\/li>\n<li>RAID Levels: 0, 1, 1E, 5, 6, 10 (0+1), 50, 60<\/li>\n<li>Graphics: 1x D-sub VGA<\/li>\n<li>Power Supply: 80 PLUS Platinum 1200W 2+1<\/li>\n<li>Warranty: 3 years<\/li>\n<\/ul>\n","protected":false},"featured_media":10010,"comment_status":"open","ping_status":"closed","template":"","meta":{"_acf_changed":false},"brand_cat":[342],"product_brand":[],"product_cat":[369],"product_tag":[],"class_list":{"0":"post-12239","1":"product","2":"type-product","3":"status-publish","4":"has-post-thumbnail","6":"brand_cat-promise-technology-en","7":"product_cat-recording-server-en","9":"first","10":"instock","11":"shipping-taxable","12":"product-type-simple"},"acf":[],"yoast_head":"<!-- This site is optimized with the Yoast SEO plugin v25.2 - https:\/\/yoast.com\/wordpress\/plugins\/seo\/ -->\n<title>Promise Vess A8600 - Win10 Diskless (Dual CPU) - DNG SOLUTION DISTRIBUTION JOINT STOCK COMPANY<\/title>\n<meta name=\"description\" content=\"Promise Vess A8600 (Dual CPU) h\u1ed7 tr\u1ee3 200 camera cung c\u1ea5p c\u1ea5u h\u00ecnh m\u1ea1nh m\u1ebd: B\u0103ng th\u00f4ng 1500 Mbps, t\u00f9y ch\u1ecdn n\u00e2ng c\u1ea5p GPU v\u00e0 n\u00e2ng c\u1ea5p dual CPU.\" \/>\n<meta name=\"robots\" content=\"index, follow, max-snippet:-1, max-image-preview:large, max-video-preview:-1\" \/>\n<link rel=\"canonical\" href=\"https:\/\/dngcorp.vn\/en\/san-pham\/promise-vess-a8600-win10-diskless-dual-cpu\/\" \/>\n<meta property=\"og:locale\" content=\"en_US\" \/>\n<meta property=\"og:type\" content=\"article\" \/>\n<meta property=\"og:title\" content=\"Promise Vess A8600 - Win10 Diskless (Dual CPU) - DNG SOLUTION DISTRIBUTION JOINT STOCK COMPANY\" \/>\n<meta property=\"og:description\" content=\"Promise Vess A8600 (Dual CPU) h\u1ed7 tr\u1ee3 200 camera cung c\u1ea5p c\u1ea5u h\u00ecnh m\u1ea1nh m\u1ebd: B\u0103ng th\u00f4ng 1500 Mbps, t\u00f9y ch\u1ecdn n\u00e2ng c\u1ea5p GPU v\u00e0 n\u00e2ng c\u1ea5p dual CPU.\" \/>\n<meta property=\"og:url\" content=\"https:\/\/dngcorp.vn\/en\/san-pham\/promise-vess-a8600-win10-diskless-dual-cpu\/\" \/>\n<meta property=\"og:site_name\" content=\"DNG SOLUTION DISTRIBUTION JOINT STOCK COMPANY\" \/>\n<meta property=\"article:modified_time\" content=\"2024-08-24T04:24:31+00:00\" \/>\n<meta property=\"og:image\" content=\"https:\/\/dngcorp.vn\/wp-content\/uploads\/2024\/06\/Promise-Vess-A8600-Win10-Diskless.png\" \/>\n\t<meta property=\"og:image:width\" content=\"900\" \/>\n\t<meta property=\"og:image:height\" content=\"900\" \/>\n\t<meta property=\"og:image:type\" content=\"image\/png\" \/>\n<meta name=\"twitter:card\" content=\"summary_large_image\" \/>\n<meta name=\"twitter:label1\" content=\"Est. reading time\" \/>\n\t<meta name=\"twitter:data1\" content=\"3 minutes\" \/>\n<script type=\"application\/ld+json\" class=\"yoast-schema-graph\">{\"@context\":\"https:\/\/schema.org\",\"@graph\":[{\"@type\":\"WebPage\",\"@id\":\"https:\/\/dngcorp.vn\/en\/san-pham\/promise-vess-a8600-win10-diskless-dual-cpu\/\",\"url\":\"https:\/\/dngcorp.vn\/en\/san-pham\/promise-vess-a8600-win10-diskless-dual-cpu\/\",\"name\":\"Promise Vess A8600 - Win10 Diskless (Dual CPU) - DNG SOLUTION DISTRIBUTION JOINT STOCK COMPANY\",\"isPartOf\":{\"@id\":\"https:\/\/dngcorp.vn\/en\/#website\"},\"primaryImageOfPage\":{\"@id\":\"https:\/\/dngcorp.vn\/en\/san-pham\/promise-vess-a8600-win10-diskless-dual-cpu\/#primaryimage\"},\"image\":{\"@id\":\"https:\/\/dngcorp.vn\/en\/san-pham\/promise-vess-a8600-win10-diskless-dual-cpu\/#primaryimage\"},\"thumbnailUrl\":\"https:\/\/dngcorp.vn\/wp-content\/uploads\/2024\/06\/Promise-Vess-A8600-Win10-Diskless.png\",\"datePublished\":\"2024-06-12T08:44:44+00:00\",\"dateModified\":\"2024-08-24T04:24:31+00:00\",\"description\":\"Promise Vess A8600 (Dual CPU) h\u1ed7 tr\u1ee3 200 camera cung c\u1ea5p c\u1ea5u h\u00ecnh m\u1ea1nh m\u1ebd: B\u0103ng th\u00f4ng 1500 Mbps, t\u00f9y ch\u1ecdn n\u00e2ng c\u1ea5p GPU v\u00e0 n\u00e2ng c\u1ea5p dual CPU.\",\"breadcrumb\":{\"@id\":\"https:\/\/dngcorp.vn\/en\/san-pham\/promise-vess-a8600-win10-diskless-dual-cpu\/#breadcrumb\"},\"inLanguage\":\"en-US\",\"potentialAction\":[{\"@type\":\"ReadAction\",\"target\":[\"https:\/\/dngcorp.vn\/en\/san-pham\/promise-vess-a8600-win10-diskless-dual-cpu\/\"]}]},{\"@type\":\"ImageObject\",\"inLanguage\":\"en-US\",\"@id\":\"https:\/\/dngcorp.vn\/en\/san-pham\/promise-vess-a8600-win10-diskless-dual-cpu\/#primaryimage\",\"url\":\"https:\/\/dngcorp.vn\/wp-content\/uploads\/2024\/06\/Promise-Vess-A8600-Win10-Diskless.png\",\"contentUrl\":\"https:\/\/dngcorp.vn\/wp-content\/uploads\/2024\/06\/Promise-Vess-A8600-Win10-Diskless.png\",\"width\":900,\"height\":900},{\"@type\":\"BreadcrumbList\",\"@id\":\"https:\/\/dngcorp.vn\/en\/san-pham\/promise-vess-a8600-win10-diskless-dual-cpu\/#breadcrumb\",\"itemListElement\":[{\"@type\":\"ListItem\",\"position\":1,\"name\":\"Home\",\"item\":\"https:\/\/dngcorp.vn\/en\/\"},{\"@type\":\"ListItem\",\"position\":2,\"name\":\"Shop\",\"item\":\"https:\/\/dngcorp.vn\/en\/shop\/\"},{\"@type\":\"ListItem\",\"position\":3,\"name\":\"Promise Vess A8600 &#8211; Win10 Diskless (Dual CPU)\"}]},{\"@type\":\"WebSite\",\"@id\":\"https:\/\/dngcorp.vn\/en\/#website\",\"url\":\"https:\/\/dngcorp.vn\/en\/\",\"name\":\"DNG SOLUTION DISTRIBUTION JOINT STOCK COMPANY\",\"description\":\"Kinh doanh c\u00e1c s\u1ea3n ph\u1ea9m An ninh gi\u00e1m s\u00e1t, Thi\u1ebft b\u1ecb h\u1ed9i ngh\u1ecb truy\u1ec1n h\u00ecnh, Networking, ICT Solution, AI &amp; Software\",\"potentialAction\":[{\"@type\":\"SearchAction\",\"target\":{\"@type\":\"EntryPoint\",\"urlTemplate\":\"https:\/\/dngcorp.vn\/en\/?s={search_term_string}\"},\"query-input\":{\"@type\":\"PropertyValueSpecification\",\"valueRequired\":true,\"valueName\":\"search_term_string\"}}],\"inLanguage\":\"en-US\"}]}<\/script>\n<!-- \/ Yoast SEO plugin. -->","yoast_head_json":{"title":"Promise Vess A8600 - Win10 Diskless (Dual CPU) - DNG SOLUTION DISTRIBUTION JOINT STOCK COMPANY","description":"Promise Vess A8600 (Dual CPU) h\u1ed7 tr\u1ee3 200 camera cung c\u1ea5p c\u1ea5u h\u00ecnh m\u1ea1nh m\u1ebd: B\u0103ng th\u00f4ng 1500 Mbps, t\u00f9y ch\u1ecdn n\u00e2ng c\u1ea5p GPU v\u00e0 n\u00e2ng c\u1ea5p dual CPU.","robots":{"index":"index","follow":"follow","max-snippet":"max-snippet:-1","max-image-preview":"max-image-preview:large","max-video-preview":"max-video-preview:-1"},"canonical":"https:\/\/dngcorp.vn\/en\/san-pham\/promise-vess-a8600-win10-diskless-dual-cpu\/","og_locale":"en_US","og_type":"article","og_title":"Promise Vess A8600 - Win10 Diskless (Dual CPU) - DNG SOLUTION DISTRIBUTION JOINT STOCK COMPANY","og_description":"Promise Vess A8600 (Dual CPU) h\u1ed7 tr\u1ee3 200 camera cung c\u1ea5p c\u1ea5u h\u00ecnh m\u1ea1nh m\u1ebd: B\u0103ng th\u00f4ng 1500 Mbps, t\u00f9y ch\u1ecdn n\u00e2ng c\u1ea5p GPU v\u00e0 n\u00e2ng c\u1ea5p dual CPU.","og_url":"https:\/\/dngcorp.vn\/en\/san-pham\/promise-vess-a8600-win10-diskless-dual-cpu\/","og_site_name":"DNG SOLUTION DISTRIBUTION JOINT STOCK COMPANY","article_modified_time":"2024-08-24T04:24:31+00:00","og_image":[{"width":900,"height":900,"url":"https:\/\/dngcorp.vn\/wp-content\/uploads\/2024\/06\/Promise-Vess-A8600-Win10-Diskless.png","type":"image\/png"}],"twitter_card":"summary_large_image","twitter_misc":{"Est. reading time":"3 minutes"},"schema":{"@context":"https:\/\/schema.org","@graph":[{"@type":"WebPage","@id":"https:\/\/dngcorp.vn\/en\/san-pham\/promise-vess-a8600-win10-diskless-dual-cpu\/","url":"https:\/\/dngcorp.vn\/en\/san-pham\/promise-vess-a8600-win10-diskless-dual-cpu\/","name":"Promise Vess A8600 - Win10 Diskless (Dual CPU) - DNG SOLUTION DISTRIBUTION JOINT STOCK COMPANY","isPartOf":{"@id":"https:\/\/dngcorp.vn\/en\/#website"},"primaryImageOfPage":{"@id":"https:\/\/dngcorp.vn\/en\/san-pham\/promise-vess-a8600-win10-diskless-dual-cpu\/#primaryimage"},"image":{"@id":"https:\/\/dngcorp.vn\/en\/san-pham\/promise-vess-a8600-win10-diskless-dual-cpu\/#primaryimage"},"thumbnailUrl":"https:\/\/dngcorp.vn\/wp-content\/uploads\/2024\/06\/Promise-Vess-A8600-Win10-Diskless.png","datePublished":"2024-06-12T08:44:44+00:00","dateModified":"2024-08-24T04:24:31+00:00","description":"Promise Vess A8600 (Dual CPU) h\u1ed7 tr\u1ee3 200 camera cung c\u1ea5p c\u1ea5u h\u00ecnh m\u1ea1nh m\u1ebd: B\u0103ng th\u00f4ng 1500 Mbps, t\u00f9y ch\u1ecdn n\u00e2ng c\u1ea5p GPU v\u00e0 n\u00e2ng c\u1ea5p dual CPU.","breadcrumb":{"@id":"https:\/\/dngcorp.vn\/en\/san-pham\/promise-vess-a8600-win10-diskless-dual-cpu\/#breadcrumb"},"inLanguage":"en-US","potentialAction":[{"@type":"ReadAction","target":["https:\/\/dngcorp.vn\/en\/san-pham\/promise-vess-a8600-win10-diskless-dual-cpu\/"]}]},{"@type":"ImageObject","inLanguage":"en-US","@id":"https:\/\/dngcorp.vn\/en\/san-pham\/promise-vess-a8600-win10-diskless-dual-cpu\/#primaryimage","url":"https:\/\/dngcorp.vn\/wp-content\/uploads\/2024\/06\/Promise-Vess-A8600-Win10-Diskless.png","contentUrl":"https:\/\/dngcorp.vn\/wp-content\/uploads\/2024\/06\/Promise-Vess-A8600-Win10-Diskless.png","width":900,"height":900},{"@type":"BreadcrumbList","@id":"https:\/\/dngcorp.vn\/en\/san-pham\/promise-vess-a8600-win10-diskless-dual-cpu\/#breadcrumb","itemListElement":[{"@type":"ListItem","position":1,"name":"Home","item":"https:\/\/dngcorp.vn\/en\/"},{"@type":"ListItem","position":2,"name":"Shop","item":"https:\/\/dngcorp.vn\/en\/shop\/"},{"@type":"ListItem","position":3,"name":"Promise Vess A8600 &#8211; Win10 Diskless (Dual CPU)"}]},{"@type":"WebSite","@id":"https:\/\/dngcorp.vn\/en\/#website","url":"https:\/\/dngcorp.vn\/en\/","name":"DNG SOLUTION DISTRIBUTION JOINT STOCK COMPANY","description":"Kinh doanh c\u00e1c s\u1ea3n ph\u1ea9m An ninh gi\u00e1m s\u00e1t, Thi\u1ebft b\u1ecb h\u1ed9i ngh\u1ecb truy\u1ec1n h\u00ecnh, Networking, ICT Solution, AI &amp; Software","potentialAction":[{"@type":"SearchAction","target":{"@type":"EntryPoint","urlTemplate":"https:\/\/dngcorp.vn\/en\/?s={search_term_string}"},"query-input":{"@type":"PropertyValueSpecification","valueRequired":true,"valueName":"search_term_string"}}],"inLanguage":"en-US"}]}},"_links":{"self":[{"href":"https:\/\/dngcorp.vn\/en\/wp-json\/wp\/v2\/product\/12239","targetHints":{"allow":["GET"]}}],"collection":[{"href":"https:\/\/dngcorp.vn\/en\/wp-json\/wp\/v2\/product"}],"about":[{"href":"https:\/\/dngcorp.vn\/en\/wp-json\/wp\/v2\/types\/product"}],"replies":[{"embeddable":true,"href":"https:\/\/dngcorp.vn\/en\/wp-json\/wp\/v2\/comments?post=12239"}],"wp:featuredmedia":[{"embeddable":true,"href":"https:\/\/dngcorp.vn\/en\/wp-json\/wp\/v2\/media\/10010"}],"wp:attachment":[{"href":"https:\/\/dngcorp.vn\/en\/wp-json\/wp\/v2\/media?parent=12239"}],"wp:term":[{"taxonomy":"brand_cat","embeddable":true,"href":"https:\/\/dngcorp.vn\/en\/wp-json\/wp\/v2\/brand_cat?post=12239"},{"taxonomy":"product_brand","embeddable":true,"href":"https:\/\/dngcorp.vn\/en\/wp-json\/wp\/v2\/product_brand?post=12239"},{"taxonomy":"product_cat","embeddable":true,"href":"https:\/\/dngcorp.vn\/en\/wp-json\/wp\/v2\/product_cat?post=12239"},{"taxonomy":"product_tag","embeddable":true,"href":"https:\/\/dngcorp.vn\/en\/wp-json\/wp\/v2\/product_tag?post=12239"}],"curies":[{"name":"wp","href":"https:\/\/api.w.org\/{rel}","templated":true}]}}