{"id":12313,"date":"2024-06-12T14:35:28","date_gmt":"2024-06-12T07:35:28","guid":{"rendered":"https:\/\/dngcorp.vn\/san-pham\/promise-vess-a3340d-win10-diskless\/"},"modified":"2024-08-27T14:11:09","modified_gmt":"2024-08-27T07:11:09","slug":"promise-vess-a3340d-win10-diskless","status":"publish","type":"product","link":"https:\/\/dngcorp.vn\/en\/san-pham\/promise-vess-a3340d-win10-diskless\/","title":{"rendered":"Promise Vess A3340D &#8211; Win10 Diskless"},"content":{"rendered":"<h3 style=\"text-align: justify;\"><strong>Surveillance Solutions for Medium Enterprises<\/strong><\/h3>\n<div style=\"text-align: justify;\">The Vess A3340 is ideal for small to medium video surveillance installations; reliable, high performance, easy to deploy and maintain. Certified and verified by the most popular VMS in the surveillance industry with proven installations worldwide. Offers a wider range of combinations of Intel Core and Xeon CPU options to create a high-performance solution that easily handles the varying needs of your surveillance system. Vess A3340 models are available with a single Power Supply Unit (PSU) or a redundant PSU. The redundant PSU ensures system functionality if the PSU fails. Data on the Vess A3340 and additional capacity Vess RAID storage systems is protected by PromiseRAID.<\/div>\n<p><img loading=\"lazy\" decoding=\"async\" class=\"aligncenter size-full wp-image-11716\" src=\"https:\/\/dngcorp.vn\/wp-content\/uploads\/2024\/06\/A3340-01.jpg\" alt=\"\" width=\"940\" height=\"450\" srcset=\"https:\/\/dngcorp.vn\/wp-content\/uploads\/2024\/06\/A3340-01.jpg 940w, https:\/\/dngcorp.vn\/wp-content\/uploads\/2024\/06\/A3340-01-300x144.jpg 300w, https:\/\/dngcorp.vn\/wp-content\/uploads\/2024\/06\/A3340-01-768x368.jpg 768w, https:\/\/dngcorp.vn\/wp-content\/uploads\/2024\/06\/A3340-01-330x158.jpg 330w, https:\/\/dngcorp.vn\/wp-content\/uploads\/2024\/06\/A3340-01-600x287.jpg 600w\" sizes=\"auto, (max-width: 940px) 100vw, 940px\" \/><\/p>\n<h3 style=\"text-align: justify;\"><strong>Reliable, Quality Products<\/strong><\/h3>\n<div style=\"text-align: justify;\">Brand value and customer satisfaction are developed not only through product quality and functionality, but also through meeting customer expectations. Since customers in Japan have particularly high expectations for quality, a system must be established to meet that level of demand. However, increasing cost competitiveness requires maintaining quality while making efforts to cut down on procedures and provide quick service.<\/div>\n<p><img loading=\"lazy\" decoding=\"async\" class=\" wp-image-11718 aligncenter\" src=\"https:\/\/dngcorp.vn\/wp-content\/uploads\/2024\/06\/A3340-02.jpg\" alt=\"\" width=\"701\" height=\"533\" srcset=\"https:\/\/dngcorp.vn\/wp-content\/uploads\/2024\/06\/A3340-02.jpg 400w, https:\/\/dngcorp.vn\/wp-content\/uploads\/2024\/06\/A3340-02-300x228.jpg 300w, https:\/\/dngcorp.vn\/wp-content\/uploads\/2024\/06\/A3340-02-330x251.jpg 330w\" sizes=\"auto, (max-width: 701px) 100vw, 701px\" \/><\/p>\n<h3><strong>Why use Promise Vess Storage?<\/strong><\/h3>\n<div>The Promise Vess Storage Series is a reliable integrated server and storage solution for IP video surveillance. Vess Storage is an open platform solution that can be deployed with any leading IP camera and video management software (VMS) for installations of any size.<\/div>\n<div><\/div>\n<ul>\n<li>More flexible deployment with supported Linux operating systems: Linux users now have more options for their surveillance system deployments. The Promise Vess A Series supports Linux distributions on selected Vess A models for surveillance networks running Linux-based VMS in the backend*.<\/li>\n<li>All-in-one server and scalable total storage solution: Reduce maintenance and service costs. Easily expand via iSCSI by adding Promise storage.<\/li>\n<li>Purpose-built for surveillance and highly integrated: SDK library available for VMS UI and management integration. At the same time, support for VMS plug-in development enables management via the VMS interface.<\/li>\n<li>Simplified management and maintenance: Modular design and One Plug Auto service simplify maintenance and technical support.<\/li>\n<\/ul>\n<h3><strong>Certified by Surveillance Partners<\/strong><\/h3>\n<div>The Vess A3340 storage appliance is fully compatible with a wide range of world-class IP cameras and VMS from vendors such as Aimetis, Axxonsoft, Digifort, Genetec, OnSSI, SeeTec, Sony and Milestone..etc.<\/div>\n<div><\/div>\n<div>This close partnership ensures customers enjoy comprehensive integration and superior performance.<\/div>\n<p><img loading=\"lazy\" decoding=\"async\" class=\"aligncenter wp-image-11720\" src=\"https:\/\/dngcorp.vn\/wp-content\/uploads\/2024\/06\/A2330-03.jpg\" alt=\"\" width=\"850\" height=\"407\" srcset=\"https:\/\/dngcorp.vn\/wp-content\/uploads\/2024\/06\/A2330-03.jpg 940w, https:\/\/dngcorp.vn\/wp-content\/uploads\/2024\/06\/A2330-03-300x144.jpg 300w, https:\/\/dngcorp.vn\/wp-content\/uploads\/2024\/06\/A2330-03-768x368.jpg 768w, https:\/\/dngcorp.vn\/wp-content\/uploads\/2024\/06\/A2330-03-330x158.jpg 330w, https:\/\/dngcorp.vn\/wp-content\/uploads\/2024\/06\/A2330-03-600x287.jpg 600w\" sizes=\"auto, (max-width: 850px) 100vw, 850px\" \/><\/p>\n<h3 style=\"text-align: justify;\">SmartBoost Technologies<\/h3>\n<p style=\"text-align: justify;\">A collection of unique features designed to provide the highest level of service and overcome performance bottlenecks to allow Vess NVRs to handle a higher number of IP cameras than competing solutions.<\/p>\n<ul>\n<li style=\"text-align: justify;\"><strong>Predictive Playback<\/strong>\u00a0&#8211; utilizes idle recording times to monitor read patterns to predict where the next playback will be needed so the hard disk drives are not competing with the workload of the system.<\/li>\n<li style=\"text-align: justify;\"><strong>Remote Active Service<\/strong>\u00a0\u2013 takes all worries away by proactively detecting when PSU, controllers or HDDs are going into critical condition and automatically notifying Promise support so the customer can be contacted, spare parts can be sent out or the unit can be powered up after an outage &#8211; vitally important in environments that cannot risk downtime.<\/li>\n<li style=\"text-align: justify;\"><strong>Sequential Pattern Recordin<\/strong>g &#8211; eliminates the heavy workloads caused by random write patterns as this feature monitors recording patterns and collects data in the cache buffer and only writes data to the drives once a full stripe is ready. This creates a sequential recording pattern which offers the smoothest performance.<\/li>\n<\/ul>\n<h3>Simplified planning<\/h3>\n<p>With just a few clicks of the Promise online planning tool you can easily get the whole picture of what you need for your project, including the NVR and storage requirements, how to configure the servers and storage and see a topology of the interconnecting systems with the most popular and recommended settings.<\/p>\n<p><img loading=\"lazy\" decoding=\"async\" class=\"aligncenter size-full wp-image-11722\" src=\"https:\/\/dngcorp.vn\/wp-content\/uploads\/2024\/06\/A2330-06.jpg\" alt=\"\" width=\"700\" height=\"400\" srcset=\"https:\/\/dngcorp.vn\/wp-content\/uploads\/2024\/06\/A2330-06.jpg 700w, https:\/\/dngcorp.vn\/wp-content\/uploads\/2024\/06\/A2330-06-300x171.jpg 300w, https:\/\/dngcorp.vn\/wp-content\/uploads\/2024\/06\/A2330-06-330x189.jpg 330w, https:\/\/dngcorp.vn\/wp-content\/uploads\/2024\/06\/A2330-06-600x343.jpg 600w\" sizes=\"auto, (max-width: 700px) 100vw, 700px\" \/><\/p>\n<h3><strong>Key Features<\/strong><\/h3>\n<ul>\n<li>Ideal for mid-sized video surveillance systems.<\/li>\n<li>Reliable, cost-effective, and easy to deploy and maintain.<\/li>\n<li>A powerful solution that easily handles the advanced demands of VMS and the latest analytics.<\/li>\n<li>Perfect for up to 100 IP cameras<\/li>\n<li>Solution ready<\/li>\n<li>3-year warranty \u2013 extendable to 5 years<\/li>\n<li>2U 8-bay rackmount chassis<\/li>\n<li>Ideal for banks, casinos, prisons, schools, transportation, city surveillance, public facilities, government<\/li>\n<li>Dual redundant PSUs &#8211; ensure the system remains operational even if one PSU fails<\/li>\n<\/ul>\n","protected":false},"excerpt":{"rendered":"<ul>\n<li>Camera support: Upto 100 cameras.<\/li>\n<li>Hard drive tray: 8 Bays HDD SATA 3.5inch<\/li>\n<li>Processor: Intel\u00ae Xeon\u00ae E3-1275v5<\/li>\n<li>OS memory: M2 128Gb (240Gb optional)<\/li>\n<li>Internal memory: 16 GB DDR4 (8Gb*2)<\/li>\n<li>Communication port: 2 x Gigabit Ethernet<\/li>\n<li>Graphics: D-sub, HDMI and Display Port<\/li>\n<li>Raid: 0, 1,1E, 3, 5, 6, 10 (0+1), 30, 50<\/li>\n<li>Power supply: Dual 350W<\/li>\n<li>Operating system (64Bit): Win10 High End<\/li>\n<li>Included rail Kit<\/li>\n<li>Warranty: 3 years<\/li>\n<li><\/li>\n<\/ul>\n","protected":false},"featured_media":9988,"comment_status":"open","ping_status":"closed","template":"","meta":{"_acf_changed":false},"brand_cat":[342],"product_brand":[],"product_cat":[369],"product_tag":[],"class_list":{"0":"post-12313","1":"product","2":"type-product","3":"status-publish","4":"has-post-thumbnail","6":"brand_cat-promise-technology-en","7":"product_cat-recording-server-en","9":"first","10":"instock","11":"shipping-taxable","12":"product-type-simple"},"acf":[],"yoast_head":"<!-- This site is optimized with the Yoast SEO plugin v25.2 - https:\/\/yoast.com\/wordpress\/plugins\/seo\/ -->\n<title>Promise Vess A3340D - Win10 Diskless - DNG SOLUTION DISTRIBUTION JOINT STOCK COMPANY<\/title>\n<meta name=\"description\" content=\"Thi\u1ebft b\u1ecb d\u00e0nh cho c\u00e1c ng\u00e2n h\u00e0ng, tr\u01b0\u1eddng h\u1ecdc, v\u1eadn t\u1ea3i, gi\u00e1m s\u00e1t th\u00e0nh ph\u1ed1, c\u01a1 s\u1edf c\u00f4ng c\u1ed9ng, ch\u00ednh ph\u1ee7\u2026 Thi\u1ebft k\u1ebf nh\u1ecf, g\u1ecdn d\u1ec5 d\u00e0ng l\u1eafp \u0111\u1eb7t kh\u00f4ng chi\u1ebfm qu\u00e1 nhi\u1ec1u di\u1ec7n t\u00edch.\" \/>\n<meta name=\"robots\" content=\"index, follow, max-snippet:-1, max-image-preview:large, max-video-preview:-1\" \/>\n<link rel=\"canonical\" href=\"https:\/\/dngcorp.vn\/en\/san-pham\/promise-vess-a3340d-win10-diskless\/\" \/>\n<meta property=\"og:locale\" content=\"en_US\" \/>\n<meta property=\"og:type\" content=\"article\" \/>\n<meta property=\"og:title\" content=\"Promise Vess A3340D - Win10 Diskless - DNG SOLUTION DISTRIBUTION JOINT STOCK COMPANY\" \/>\n<meta property=\"og:description\" content=\"Thi\u1ebft b\u1ecb d\u00e0nh cho c\u00e1c ng\u00e2n h\u00e0ng, tr\u01b0\u1eddng h\u1ecdc, v\u1eadn t\u1ea3i, gi\u00e1m s\u00e1t th\u00e0nh ph\u1ed1, c\u01a1 s\u1edf c\u00f4ng c\u1ed9ng, ch\u00ednh ph\u1ee7\u2026 Thi\u1ebft k\u1ebf nh\u1ecf, g\u1ecdn d\u1ec5 d\u00e0ng l\u1eafp \u0111\u1eb7t kh\u00f4ng chi\u1ebfm qu\u00e1 nhi\u1ec1u di\u1ec7n t\u00edch.\" \/>\n<meta property=\"og:url\" content=\"https:\/\/dngcorp.vn\/en\/san-pham\/promise-vess-a3340d-win10-diskless\/\" \/>\n<meta property=\"og:site_name\" content=\"DNG SOLUTION DISTRIBUTION JOINT STOCK COMPANY\" \/>\n<meta property=\"article:modified_time\" content=\"2024-08-27T07:11:09+00:00\" \/>\n<meta property=\"og:image\" content=\"https:\/\/dngcorp.vn\/wp-content\/uploads\/2024\/06\/Promise-Vess-A3340D_Win10-Diskless.png\" \/>\n\t<meta property=\"og:image:width\" content=\"900\" \/>\n\t<meta property=\"og:image:height\" content=\"900\" \/>\n\t<meta property=\"og:image:type\" content=\"image\/png\" \/>\n<meta name=\"twitter:card\" content=\"summary_large_image\" \/>\n<meta name=\"twitter:label1\" content=\"Est. reading time\" \/>\n\t<meta name=\"twitter:data1\" content=\"5 minutes\" \/>\n<script type=\"application\/ld+json\" class=\"yoast-schema-graph\">{\"@context\":\"https:\/\/schema.org\",\"@graph\":[{\"@type\":\"WebPage\",\"@id\":\"https:\/\/dngcorp.vn\/en\/san-pham\/promise-vess-a3340d-win10-diskless\/\",\"url\":\"https:\/\/dngcorp.vn\/en\/san-pham\/promise-vess-a3340d-win10-diskless\/\",\"name\":\"Promise Vess A3340D - Win10 Diskless - DNG SOLUTION DISTRIBUTION JOINT STOCK COMPANY\",\"isPartOf\":{\"@id\":\"https:\/\/dngcorp.vn\/en\/#website\"},\"primaryImageOfPage\":{\"@id\":\"https:\/\/dngcorp.vn\/en\/san-pham\/promise-vess-a3340d-win10-diskless\/#primaryimage\"},\"image\":{\"@id\":\"https:\/\/dngcorp.vn\/en\/san-pham\/promise-vess-a3340d-win10-diskless\/#primaryimage\"},\"thumbnailUrl\":\"https:\/\/dngcorp.vn\/wp-content\/uploads\/2024\/06\/Promise-Vess-A3340D_Win10-Diskless.png\",\"datePublished\":\"2024-06-12T07:35:28+00:00\",\"dateModified\":\"2024-08-27T07:11:09+00:00\",\"description\":\"Thi\u1ebft b\u1ecb d\u00e0nh cho c\u00e1c ng\u00e2n h\u00e0ng, tr\u01b0\u1eddng h\u1ecdc, v\u1eadn t\u1ea3i, gi\u00e1m s\u00e1t th\u00e0nh ph\u1ed1, c\u01a1 s\u1edf c\u00f4ng c\u1ed9ng, ch\u00ednh ph\u1ee7\u2026 Thi\u1ebft k\u1ebf nh\u1ecf, g\u1ecdn d\u1ec5 d\u00e0ng l\u1eafp \u0111\u1eb7t kh\u00f4ng chi\u1ebfm qu\u00e1 nhi\u1ec1u di\u1ec7n t\u00edch.\",\"breadcrumb\":{\"@id\":\"https:\/\/dngcorp.vn\/en\/san-pham\/promise-vess-a3340d-win10-diskless\/#breadcrumb\"},\"inLanguage\":\"en-US\",\"potentialAction\":[{\"@type\":\"ReadAction\",\"target\":[\"https:\/\/dngcorp.vn\/en\/san-pham\/promise-vess-a3340d-win10-diskless\/\"]}]},{\"@type\":\"ImageObject\",\"inLanguage\":\"en-US\",\"@id\":\"https:\/\/dngcorp.vn\/en\/san-pham\/promise-vess-a3340d-win10-diskless\/#primaryimage\",\"url\":\"https:\/\/dngcorp.vn\/wp-content\/uploads\/2024\/06\/Promise-Vess-A3340D_Win10-Diskless.png\",\"contentUrl\":\"https:\/\/dngcorp.vn\/wp-content\/uploads\/2024\/06\/Promise-Vess-A3340D_Win10-Diskless.png\",\"width\":900,\"height\":900},{\"@type\":\"BreadcrumbList\",\"@id\":\"https:\/\/dngcorp.vn\/en\/san-pham\/promise-vess-a3340d-win10-diskless\/#breadcrumb\",\"itemListElement\":[{\"@type\":\"ListItem\",\"position\":1,\"name\":\"Home\",\"item\":\"https:\/\/dngcorp.vn\/en\/\"},{\"@type\":\"ListItem\",\"position\":2,\"name\":\"Shop\",\"item\":\"https:\/\/dngcorp.vn\/en\/shop\/\"},{\"@type\":\"ListItem\",\"position\":3,\"name\":\"Promise Vess A3340D &#8211; Win10 Diskless\"}]},{\"@type\":\"WebSite\",\"@id\":\"https:\/\/dngcorp.vn\/en\/#website\",\"url\":\"https:\/\/dngcorp.vn\/en\/\",\"name\":\"DNG SOLUTION DISTRIBUTION JOINT STOCK COMPANY\",\"description\":\"Kinh doanh c\u00e1c s\u1ea3n ph\u1ea9m An ninh gi\u00e1m s\u00e1t, Thi\u1ebft b\u1ecb h\u1ed9i ngh\u1ecb truy\u1ec1n h\u00ecnh, Networking, ICT Solution, AI &amp; Software\",\"potentialAction\":[{\"@type\":\"SearchAction\",\"target\":{\"@type\":\"EntryPoint\",\"urlTemplate\":\"https:\/\/dngcorp.vn\/en\/?s={search_term_string}\"},\"query-input\":{\"@type\":\"PropertyValueSpecification\",\"valueRequired\":true,\"valueName\":\"search_term_string\"}}],\"inLanguage\":\"en-US\"}]}<\/script>\n<!-- \/ Yoast SEO plugin. -->","yoast_head_json":{"title":"Promise Vess A3340D - Win10 Diskless - DNG SOLUTION DISTRIBUTION JOINT STOCK COMPANY","description":"Thi\u1ebft b\u1ecb d\u00e0nh cho c\u00e1c ng\u00e2n h\u00e0ng, tr\u01b0\u1eddng h\u1ecdc, v\u1eadn t\u1ea3i, gi\u00e1m s\u00e1t th\u00e0nh ph\u1ed1, c\u01a1 s\u1edf c\u00f4ng c\u1ed9ng, ch\u00ednh ph\u1ee7\u2026 Thi\u1ebft k\u1ebf nh\u1ecf, g\u1ecdn d\u1ec5 d\u00e0ng l\u1eafp \u0111\u1eb7t kh\u00f4ng chi\u1ebfm qu\u00e1 nhi\u1ec1u di\u1ec7n t\u00edch.","robots":{"index":"index","follow":"follow","max-snippet":"max-snippet:-1","max-image-preview":"max-image-preview:large","max-video-preview":"max-video-preview:-1"},"canonical":"https:\/\/dngcorp.vn\/en\/san-pham\/promise-vess-a3340d-win10-diskless\/","og_locale":"en_US","og_type":"article","og_title":"Promise Vess A3340D - Win10 Diskless - DNG SOLUTION DISTRIBUTION JOINT STOCK COMPANY","og_description":"Thi\u1ebft b\u1ecb d\u00e0nh cho c\u00e1c ng\u00e2n h\u00e0ng, tr\u01b0\u1eddng h\u1ecdc, v\u1eadn t\u1ea3i, gi\u00e1m s\u00e1t th\u00e0nh ph\u1ed1, c\u01a1 s\u1edf c\u00f4ng c\u1ed9ng, ch\u00ednh ph\u1ee7\u2026 Thi\u1ebft k\u1ebf nh\u1ecf, g\u1ecdn d\u1ec5 d\u00e0ng l\u1eafp \u0111\u1eb7t kh\u00f4ng chi\u1ebfm qu\u00e1 nhi\u1ec1u di\u1ec7n t\u00edch.","og_url":"https:\/\/dngcorp.vn\/en\/san-pham\/promise-vess-a3340d-win10-diskless\/","og_site_name":"DNG SOLUTION DISTRIBUTION JOINT STOCK COMPANY","article_modified_time":"2024-08-27T07:11:09+00:00","og_image":[{"width":900,"height":900,"url":"https:\/\/dngcorp.vn\/wp-content\/uploads\/2024\/06\/Promise-Vess-A3340D_Win10-Diskless.png","type":"image\/png"}],"twitter_card":"summary_large_image","twitter_misc":{"Est. reading time":"5 minutes"},"schema":{"@context":"https:\/\/schema.org","@graph":[{"@type":"WebPage","@id":"https:\/\/dngcorp.vn\/en\/san-pham\/promise-vess-a3340d-win10-diskless\/","url":"https:\/\/dngcorp.vn\/en\/san-pham\/promise-vess-a3340d-win10-diskless\/","name":"Promise Vess A3340D - Win10 Diskless - DNG SOLUTION DISTRIBUTION JOINT STOCK COMPANY","isPartOf":{"@id":"https:\/\/dngcorp.vn\/en\/#website"},"primaryImageOfPage":{"@id":"https:\/\/dngcorp.vn\/en\/san-pham\/promise-vess-a3340d-win10-diskless\/#primaryimage"},"image":{"@id":"https:\/\/dngcorp.vn\/en\/san-pham\/promise-vess-a3340d-win10-diskless\/#primaryimage"},"thumbnailUrl":"https:\/\/dngcorp.vn\/wp-content\/uploads\/2024\/06\/Promise-Vess-A3340D_Win10-Diskless.png","datePublished":"2024-06-12T07:35:28+00:00","dateModified":"2024-08-27T07:11:09+00:00","description":"Thi\u1ebft b\u1ecb d\u00e0nh cho c\u00e1c ng\u00e2n h\u00e0ng, tr\u01b0\u1eddng h\u1ecdc, v\u1eadn t\u1ea3i, gi\u00e1m s\u00e1t th\u00e0nh ph\u1ed1, c\u01a1 s\u1edf c\u00f4ng c\u1ed9ng, ch\u00ednh ph\u1ee7\u2026 Thi\u1ebft k\u1ebf nh\u1ecf, g\u1ecdn d\u1ec5 d\u00e0ng l\u1eafp \u0111\u1eb7t kh\u00f4ng chi\u1ebfm qu\u00e1 nhi\u1ec1u di\u1ec7n t\u00edch.","breadcrumb":{"@id":"https:\/\/dngcorp.vn\/en\/san-pham\/promise-vess-a3340d-win10-diskless\/#breadcrumb"},"inLanguage":"en-US","potentialAction":[{"@type":"ReadAction","target":["https:\/\/dngcorp.vn\/en\/san-pham\/promise-vess-a3340d-win10-diskless\/"]}]},{"@type":"ImageObject","inLanguage":"en-US","@id":"https:\/\/dngcorp.vn\/en\/san-pham\/promise-vess-a3340d-win10-diskless\/#primaryimage","url":"https:\/\/dngcorp.vn\/wp-content\/uploads\/2024\/06\/Promise-Vess-A3340D_Win10-Diskless.png","contentUrl":"https:\/\/dngcorp.vn\/wp-content\/uploads\/2024\/06\/Promise-Vess-A3340D_Win10-Diskless.png","width":900,"height":900},{"@type":"BreadcrumbList","@id":"https:\/\/dngcorp.vn\/en\/san-pham\/promise-vess-a3340d-win10-diskless\/#breadcrumb","itemListElement":[{"@type":"ListItem","position":1,"name":"Home","item":"https:\/\/dngcorp.vn\/en\/"},{"@type":"ListItem","position":2,"name":"Shop","item":"https:\/\/dngcorp.vn\/en\/shop\/"},{"@type":"ListItem","position":3,"name":"Promise Vess A3340D &#8211; Win10 Diskless"}]},{"@type":"WebSite","@id":"https:\/\/dngcorp.vn\/en\/#website","url":"https:\/\/dngcorp.vn\/en\/","name":"DNG SOLUTION DISTRIBUTION JOINT STOCK COMPANY","description":"Kinh doanh c\u00e1c s\u1ea3n ph\u1ea9m An ninh gi\u00e1m s\u00e1t, Thi\u1ebft b\u1ecb h\u1ed9i ngh\u1ecb truy\u1ec1n h\u00ecnh, Networking, ICT Solution, AI &amp; Software","potentialAction":[{"@type":"SearchAction","target":{"@type":"EntryPoint","urlTemplate":"https:\/\/dngcorp.vn\/en\/?s={search_term_string}"},"query-input":{"@type":"PropertyValueSpecification","valueRequired":true,"valueName":"search_term_string"}}],"inLanguage":"en-US"}]}},"_links":{"self":[{"href":"https:\/\/dngcorp.vn\/en\/wp-json\/wp\/v2\/product\/12313","targetHints":{"allow":["GET"]}}],"collection":[{"href":"https:\/\/dngcorp.vn\/en\/wp-json\/wp\/v2\/product"}],"about":[{"href":"https:\/\/dngcorp.vn\/en\/wp-json\/wp\/v2\/types\/product"}],"replies":[{"embeddable":true,"href":"https:\/\/dngcorp.vn\/en\/wp-json\/wp\/v2\/comments?post=12313"}],"wp:featuredmedia":[{"embeddable":true,"href":"https:\/\/dngcorp.vn\/en\/wp-json\/wp\/v2\/media\/9988"}],"wp:attachment":[{"href":"https:\/\/dngcorp.vn\/en\/wp-json\/wp\/v2\/media?parent=12313"}],"wp:term":[{"taxonomy":"brand_cat","embeddable":true,"href":"https:\/\/dngcorp.vn\/en\/wp-json\/wp\/v2\/brand_cat?post=12313"},{"taxonomy":"product_brand","embeddable":true,"href":"https:\/\/dngcorp.vn\/en\/wp-json\/wp\/v2\/product_brand?post=12313"},{"taxonomy":"product_cat","embeddable":true,"href":"https:\/\/dngcorp.vn\/en\/wp-json\/wp\/v2\/product_cat?post=12313"},{"taxonomy":"product_tag","embeddable":true,"href":"https:\/\/dngcorp.vn\/en\/wp-json\/wp\/v2\/product_tag?post=12313"}],"curies":[{"name":"wp","href":"https:\/\/api.w.org\/{rel}","templated":true}]}}