{"id":12322,"date":"2024-04-25T17:18:19","date_gmt":"2024-04-25T10:18:19","guid":{"rendered":"https:\/\/dngcorp.vn\/san-pham\/cam520-pro3-camera-hoi-nghi-chuyen-nghiep-usb-3-1-cho-phong-hop-vua-va-lon\/"},"modified":"2024-04-25T17:18:19","modified_gmt":"2024-04-25T10:18:19","slug":"cam520-pro3-camera-hoi-nghi-chuyen-nghiep-usb-3-1-cho-phong-hop-vua-va-lon","status":"publish","type":"product","link":"https:\/\/dngcorp.vn\/en\/san-pham\/cam520-pro3-camera-hoi-nghi-chuyen-nghiep-usb-3-1-cho-phong-hop-vua-va-lon\/","title":{"rendered":"CAM520 Pro3- Camera h\u1ed9i ngh\u1ecb chuy\u00ean nghi\u1ec7p USB 3.1 cho ph\u00f2ng h\u1ecdp v\u1eeba v\u00e0 l\u1edbn"},"content":{"rendered":"<h3 style=\"text-align: justify;\"><strong>\u1ed0ng k\u00ednh PTZ c\u00f3 t\u1ed5ng zoom 36X, l\u00e0m ch\u1ee7 m\u1ecdi chi ti\u1ebft v\u00e0 n\u00e2ng cao c\u01a1 h\u1ed9i kinh doanh cho doanh nghi\u1ec7p<\/strong><\/h3>\n<p style=\"text-align: justify;\"><span style=\"color: #000000;\">T\u1ea1o m\u00f4i tr\u01b0\u1eddng h\u1ed9i ngh\u1ecb truy\u1ec1n h\u00ecnh kh\u00f4ng b\u1ecb gi\u00e1n \u0111o\u1ea1n v\u1edbi CAM520 Pro3 . \u1ed0ng k\u00ednh PTZ ch\u1ee5p g\u00f3c r\u1ed9ng v\u1edbi tr\u01b0\u1eddng nh\u00ecn ch\u00e9o 80\u00b0 v\u00e0 \u0111i\u1ec1u khi\u1ec3n xoay v\u00e0 nghi\u00eang linh ho\u1ea1t gi\u00fap t\u1eadp trung v\u00e0o ng\u01b0\u1eddi thuy\u1ebft tr\u00ecnh, ng\u01b0\u1eddi tham d\u1ef1, n\u1ed9i dung tr\u00ean b\u1ea3ng tr\u1eafng ho\u1eb7c \u0111\u1ed1i t\u01b0\u1ee3ng v\u1eadt l\u00fd. X\u1eed l\u00fd m\u1ea1nh m\u1ebd t\u1ea5t c\u1ea3 c\u00e1c chi ti\u1ebft trong cu\u1ed9c h\u1ecdp b\u1eb1ng \u1ed1ng k\u00ednh quang h\u1ecdc 12X v\u00e0 t\u1ed5ng thu ph\u00f3ng 36X*, \u0111\u1eb7c bi\u1ec7t \u0111\u00e1ng ch\u00fa \u00fd l\u00e0 kh\u1ea3 n\u0103ng 24X lossless zoom c\u1ee7a CAM520 Pro3 \u0111\u1ec3 mang l\u1ea1i h\u00ecnh \u1ea3nh r\u00f5 n\u00e9t v\u00e0 v\u01b0\u1ee3t tr\u1ed9i cho nh\u1eefng ng\u01b0\u1eddi tham gia v\u00e0 c\u00e1c \u0111i\u1ec3m c\u1ea7u t\u1eeb xa.<\/span><\/p>\n<p><img loading=\"lazy\" decoding=\"async\" class=\"alignnone size-full wp-image-5867 aligncenter\" src=\"https:\/\/dngcorp.vn\/wp-content\/uploads\/2024\/04\/cam520pro3-1.png\" alt=\"\" width=\"640\" height=\"608\" srcset=\"https:\/\/dngcorp.vn\/wp-content\/uploads\/2024\/04\/cam520pro3-1.png 640w, https:\/\/dngcorp.vn\/wp-content\/uploads\/2024\/04\/cam520pro3-1-300x285.png 300w, https:\/\/dngcorp.vn\/wp-content\/uploads\/2024\/04\/cam520pro3-1-330x314.png 330w, https:\/\/dngcorp.vn\/wp-content\/uploads\/2024\/04\/cam520pro3-1-600x570.png 600w\" sizes=\"auto, (max-width: 640px) 100vw, 640px\" \/><\/p>\n<h3><strong>AVer Smart Composition \u0111\u1ec3 n\u1eafm b\u1eaft ch\u00ednh x\u00e1c h\u00ecnh \u1ea3nh c\u1ee7a nh\u1eefng ng\u01b0\u1eddi tham gia v\u00e0 tr\u00ecnh b\u00e0y theo c\u00e1c b\u1ed1 c\u1ee5c kh\u00e1c nhau<\/strong><\/h3>\n<p style=\"text-align: justify;\"><span style=\"color: #000000;\">CAM520 Pro3 t\u1ef1 h\u00e0o l\u00e0 m\u1ed9t trong nh\u1eefng camera PTZ \u0111\u1ea7u ti\u00ean trong ng\u00e0nh h\u1ed9i ngh\u1ecb truy\u1ec1n h\u00ecnh cung c\u1ea5p ch\u1ee9c n\u0103ng l\u1eadp b\u1ed1 c\u1ee5c th\u00f4ng minh th\u01b0\u1eddng ch\u1ec9 c\u00f3 \u1edf c\u00e1c m\u1eabu m\u00e1y cao c\u1ea5p. H\u00ecnh \u1ea3nh khu\u00f4n m\u1eb7t ho\u1eb7c ph\u1ea7n tr\u00ean c\u01a1 th\u1ec3 c\u1ee7a m\u1ed7i ng\u01b0\u1eddi tham gia \u0111\u01b0\u1ee3c thu\u1eadt to\u00e1n tr\u00ed tu\u1ec7 nh\u00e2n t\u1ea1o AI c\u1eaft t\u1ef1 \u0111\u1ed9ng, \u0111\u1eb7c \u0111i\u1ec3m l\u1edbn nh\u1ea5t l\u00e0 kh\u00f4ng c\u1ea7n c\u00e0i \u0111\u1eb7t b\u1ea5t k\u1ef3 ph\u1ea7n m\u1ec1m n\u00e0o v\u00e0 \u0111\u00f3 l\u00e0 ch\u1ee9c n\u0103ng c\u00f3 th\u1ec3 \u0111\u01b0\u1ee3c k\u00edch ho\u1ea1t ch\u1ec9 b\u1eb1ng m\u1ed9t c\u00fa nh\u1ea5p chu\u1ed9t! CAM530 Pro3 t\u00edch h\u1ee3p ch\u1ebf \u0111\u1ed9 xem th\u00f4ng minh, chuy\u1ec3n \u0111\u1ed5i m\u01b0\u1ee3t m\u00e0 t\u1eeb t\u1ea7m nh\u00ecn c\u00e1 nh\u00e2n sang h\u00ecnh \u1ea3nh nh\u00f3m v\u1edbi \u0111\u1ed9 n\u00e9t cao \u0111\u1ec3 \u0111\u1ea1t \u0111\u01b0\u1ee3c hi\u1ec7u qu\u1ea3 t\u1ed1t nh\u1ea5t cho cu\u1ed9c h\u1ecdp.<\/span><\/p>\n<p><img loading=\"lazy\" decoding=\"async\" class=\"alignnone size-full wp-image-5868 aligncenter\" src=\"https:\/\/dngcorp.vn\/wp-content\/uploads\/2024\/04\/cam520pro3-2.png\" alt=\"\" width=\"1200\" height=\"666\" srcset=\"https:\/\/dngcorp.vn\/wp-content\/uploads\/2024\/04\/cam520pro3-2.png 1200w, https:\/\/dngcorp.vn\/wp-content\/uploads\/2024\/04\/cam520pro3-2-300x167.png 300w, https:\/\/dngcorp.vn\/wp-content\/uploads\/2024\/04\/cam520pro3-2-1024x568.png 1024w, https:\/\/dngcorp.vn\/wp-content\/uploads\/2024\/04\/cam520pro3-2-768x426.png 768w, https:\/\/dngcorp.vn\/wp-content\/uploads\/2024\/04\/cam520pro3-2-330x183.png 330w, https:\/\/dngcorp.vn\/wp-content\/uploads\/2024\/04\/cam520pro3-2-600x333.png 600w\" sizes=\"auto, (max-width: 1200px) 100vw, 1200px\" \/><\/p>\n<h3 style=\"text-align: left;\"><strong>C\u00f4ng ngh\u1ec7 AVer SmartFrame \u0111\u01b0\u1ee3c n\u00e2ng c\u1ea5p gi\u00fap h\u1ecdp tr\u1ef1c tuy\u1ebfn hi\u1ec7u qu\u1ea3 v\u00e0 an to\u00e0n h\u01a1n<\/strong><\/h3>\n<p><span style=\"color: #000000;\">V\u1edbi SmartFrame c\u1ea3i ti\u1ebfn, AVer \u0111\u1ea3m b\u1ea3o n\u00e2ng cao cu\u1ed9c h\u1ecdp c\u1ee7a b\u1ea1n m\u1ed9t c\u00e1ch hi\u1ec7u qu\u1ea3 v\u00e0 an to\u00e0n. N\u00f3 s\u1eed d\u1ee5ng c\u00f4ng ngh\u1ec7 AI \u0111\u1ec3 t\u1ef1 \u0111\u1ed9ng ch\u1ee5p v\u00e0 l\u1ea5y n\u00e9t nh\u1eefng c\u00e1 nh\u00e2n quan tr\u1ecdng trong khung h\u00ecnh, \u0111\u1ea3m b\u1ea3o r\u1eb1ng t\u1ea5t c\u1ea3 ng\u01b0\u1eddi tham gia th\u1ec3 hi\u1ec7n b\u1ea5t k\u1ef3 b\u1ed1 c\u1ee5c n\u00e0o t\u1eeb kho\u1ea3ng c\u00e1ch \u1ea5n t\u01b0\u1ee3ng 7 m\u00e9t d\u00f9 h\u1ecd c\u00f3 \u0111eo kh\u1ea9u trang hay kh\u00f4ng!<\/span><\/p>\n<p><img loading=\"lazy\" decoding=\"async\" class=\"alignnone size-full wp-image-5869 aligncenter\" src=\"https:\/\/dngcorp.vn\/wp-content\/uploads\/2024\/04\/cam520pro3-3.png\" alt=\"\" width=\"760\" height=\"471\" srcset=\"https:\/\/dngcorp.vn\/wp-content\/uploads\/2024\/04\/cam520pro3-3.png 760w, https:\/\/dngcorp.vn\/wp-content\/uploads\/2024\/04\/cam520pro3-3-300x186.png 300w, https:\/\/dngcorp.vn\/wp-content\/uploads\/2024\/04\/cam520pro3-3-330x205.png 330w, https:\/\/dngcorp.vn\/wp-content\/uploads\/2024\/04\/cam520pro3-3-600x372.png 600w\" sizes=\"auto, (max-width: 760px) 100vw, 760px\" \/><\/p>\n<p style=\"text-align: justify;\"><span style=\"color: #000000;\">CAM520 Pro3 cung c\u1ea5p ch\u1ebf \u0111\u1ed9 \u0111\u00f3ng khung \u0111\u1eb7t tr\u01b0\u1edbc Preset Framing gi\u00fap theo d\u00f5i ng\u01b0\u1eddi thuy\u1ebft tr\u00ecnh m\u1ed9t c\u00e1ch hi\u1ec7u qu\u1ea3 th\u00f4ng qua c\u00e1c khu v\u1ef1c \u0111\u1ecbnh s\u1eb5n. B\u1eb1ng c\u00e1ch \u0111\u1eb7t nhi\u1ec1u khu v\u1ef1c xem \u0111\u1eb7t tr\u01b0\u1edbc, camera s\u1ebd t\u1ef1 \u0111\u1ed9ng b\u1eaft h\u00ecnh khi ng\u01b0\u1eddi thuy\u1ebft tr\u00ecnh di chuy\u1ec3n m\u00e0 kh\u00f4ng c\u1ea7n b\u1ea5t k\u1ef3 \u0111i\u1ec1u khi\u1ec3n th\u1ee7 c\u00f4ng n\u00e0o!<\/span><\/p>\n<p><img loading=\"lazy\" decoding=\"async\" class=\"alignnone size-full wp-image-5870 aligncenter\" src=\"https:\/\/dngcorp.vn\/wp-content\/uploads\/2024\/04\/cam520pro3-4.png\" alt=\"\" width=\"760\" height=\"471\" srcset=\"https:\/\/dngcorp.vn\/wp-content\/uploads\/2024\/04\/cam520pro3-4.png 760w, https:\/\/dngcorp.vn\/wp-content\/uploads\/2024\/04\/cam520pro3-4-300x186.png 300w, https:\/\/dngcorp.vn\/wp-content\/uploads\/2024\/04\/cam520pro3-4-330x205.png 330w, https:\/\/dngcorp.vn\/wp-content\/uploads\/2024\/04\/cam520pro3-4-600x372.png 600w\" sizes=\"auto, (max-width: 760px) 100vw, 760px\" \/><\/p>\n","protected":false},"excerpt":{"rendered":"<ul>\n<li style=\"text-align: justify;\">AVer CAM520 Pro3 v\u1edbi camera PTZ c\u00f3 t\u1ed5ng thu ph\u00f3ng 36X, khung h\u00ecnh th\u00f4ng minh \u0111\u01b0\u1ee3c n\u00e2ng c\u1ea5p, theo d\u00f5i \u0111i\u1ec3m \u0111\u1eb7t tr\u01b0\u1edbc v\u00e0 c\u1ea3m bi\u1ebfn Sony WDR. K\u1ebft n\u1ed1i HDMI cho ph\u00e9p hi\u1ec3n th\u1ecb nhi\u1ec1u m\u00e0n h\u00ecnh v\u00e0 ba \u0111\u1ea7u ra \u0111\u1ec3 c\u00f3 nhi\u1ec1u s\u1ef1 l\u1ef1a ch\u1ecdn truy\u1ec1n ph\u00e1t h\u00ecnh \u1ea3nh tr\u1ef1c tuy\u1ebfn h\u01a1n.<\/li>\n<li style=\"text-align: justify;\">CAM520 Pro3 c\u00f2n cung c\u1ea5p t\u00ednh n\u0103ng Smart Composition &#8211; m\u1ed9t ch\u1ee9c n\u0103ng AI c\u00f3 th\u1ec3 nhanh ch\u00f3ng kh\u1edfi \u0111\u1ed9ng v\u00e0 ch\u1ee5p \u1ea3nh t\u1eebng ng\u01b0\u1eddi tham gia m\u00e0 kh\u00f4ng c\u1ea7n c\u00e0i \u0111\u1eb7t, gi\u00fap cu\u1ed9c h\u1ecdp tr\u1ef1c tuy\u1ebfn hi\u1ec7u qu\u1ea3 trong c\u00e1c ph\u00f2ng h\u1ed9i ngh\u1ecb truy\u1ec1n h\u00ecnh v\u1eeba v\u00e0 l\u1edbn.<\/li>\n<\/ul>\n","protected":false},"featured_media":9299,"comment_status":"open","ping_status":"closed","template":"","meta":{"_acf_changed":false},"brand_cat":[332],"product_brand":[],"product_cat":[302],"product_tag":[],"class_list":{"0":"post-12322","1":"product","2":"type-product","3":"status-publish","4":"has-post-thumbnail","6":"brand_cat-aver-en","7":"product_cat-cam-series-series-conference-camera-aver","9":"first","10":"instock","11":"shipping-taxable","12":"product-type-simple"},"acf":[],"yoast_head":"<!-- This site is optimized with the Yoast SEO plugin v25.2 - https:\/\/yoast.com\/wordpress\/plugins\/seo\/ -->\n<title>CAM520 Pro3- Camera h\u1ed9i ngh\u1ecb chuy\u00ean nghi\u1ec7p USB 3.1 cho ph\u00f2ng h\u1ecdp v\u1eeba v\u00e0 l\u1edbn - DNG SOLUTION DISTRIBUTION JOINT STOCK COMPANY<\/title>\n<meta name=\"robots\" content=\"index, follow, max-snippet:-1, max-image-preview:large, max-video-preview:-1\" \/>\n<link rel=\"canonical\" href=\"https:\/\/dngcorp.vn\/en\/san-pham\/cam520-pro3-camera-hoi-nghi-chuyen-nghiep-usb-3-1-cho-phong-hop-vua-va-lon\/\" \/>\n<meta property=\"og:locale\" content=\"en_US\" \/>\n<meta property=\"og:type\" content=\"article\" \/>\n<meta property=\"og:title\" content=\"CAM520 Pro3- Camera h\u1ed9i ngh\u1ecb chuy\u00ean nghi\u1ec7p USB 3.1 cho ph\u00f2ng h\u1ecdp v\u1eeba v\u00e0 l\u1edbn - DNG SOLUTION DISTRIBUTION JOINT STOCK COMPANY\" \/>\n<meta property=\"og:description\" content=\"AVer CAM520 Pro3 v\u1edbi camera PTZ c\u00f3 t\u1ed5ng thu ph\u00f3ng 36X, khung h\u00ecnh th\u00f4ng minh \u0111\u01b0\u1ee3c n\u00e2ng c\u1ea5p, theo d\u00f5i \u0111i\u1ec3m \u0111\u1eb7t tr\u01b0\u1edbc v\u00e0 c\u1ea3m bi\u1ebfn Sony WDR. K\u1ebft n\u1ed1i HDMI cho ph\u00e9p hi\u1ec3n th\u1ecb nhi\u1ec1u m\u00e0n h\u00ecnh v\u00e0 ba \u0111\u1ea7u ra \u0111\u1ec3 c\u00f3 nhi\u1ec1u s\u1ef1 l\u1ef1a ch\u1ecdn truy\u1ec1n ph\u00e1t h\u00ecnh \u1ea3nh tr\u1ef1c tuy\u1ebfn h\u01a1n.  CAM520 Pro3 c\u00f2n cung c\u1ea5p t\u00ednh n\u0103ng Smart Composition - m\u1ed9t ch\u1ee9c n\u0103ng AI c\u00f3 th\u1ec3 nhanh ch\u00f3ng kh\u1edfi \u0111\u1ed9ng v\u00e0 ch\u1ee5p \u1ea3nh t\u1eebng ng\u01b0\u1eddi tham gia m\u00e0 kh\u00f4ng c\u1ea7n c\u00e0i \u0111\u1eb7t, gi\u00fap cu\u1ed9c h\u1ecdp tr\u1ef1c tuy\u1ebfn hi\u1ec7u qu\u1ea3 trong c\u00e1c ph\u00f2ng h\u1ed9i ngh\u1ecb truy\u1ec1n h\u00ecnh v\u1eeba v\u00e0 l\u1edbn.\" \/>\n<meta property=\"og:url\" content=\"https:\/\/dngcorp.vn\/en\/san-pham\/cam520-pro3-camera-hoi-nghi-chuyen-nghiep-usb-3-1-cho-phong-hop-vua-va-lon\/\" \/>\n<meta property=\"og:site_name\" content=\"DNG SOLUTION DISTRIBUTION JOINT STOCK COMPANY\" \/>\n<meta property=\"og:image\" content=\"https:\/\/dngcorp.vn\/wp-content\/uploads\/2024\/04\/cam520pro3-1.png\" \/>\n<meta name=\"twitter:card\" content=\"summary_large_image\" \/>\n<meta name=\"twitter:label1\" content=\"Est. reading time\" \/>\n\t<meta name=\"twitter:data1\" content=\"3 minutes\" \/>\n<script type=\"application\/ld+json\" class=\"yoast-schema-graph\">{\"@context\":\"https:\/\/schema.org\",\"@graph\":[{\"@type\":\"WebPage\",\"@id\":\"https:\/\/dngcorp.vn\/en\/san-pham\/cam520-pro3-camera-hoi-nghi-chuyen-nghiep-usb-3-1-cho-phong-hop-vua-va-lon\/\",\"url\":\"https:\/\/dngcorp.vn\/en\/san-pham\/cam520-pro3-camera-hoi-nghi-chuyen-nghiep-usb-3-1-cho-phong-hop-vua-va-lon\/\",\"name\":\"CAM520 Pro3- Camera h\u1ed9i ngh\u1ecb chuy\u00ean nghi\u1ec7p USB 3.1 cho ph\u00f2ng h\u1ecdp v\u1eeba v\u00e0 l\u1edbn - DNG SOLUTION DISTRIBUTION JOINT STOCK COMPANY\",\"isPartOf\":{\"@id\":\"https:\/\/dngcorp.vn\/en\/#website\"},\"primaryImageOfPage\":{\"@id\":\"https:\/\/dngcorp.vn\/en\/san-pham\/cam520-pro3-camera-hoi-nghi-chuyen-nghiep-usb-3-1-cho-phong-hop-vua-va-lon\/#primaryimage\"},\"image\":{\"@id\":\"https:\/\/dngcorp.vn\/en\/san-pham\/cam520-pro3-camera-hoi-nghi-chuyen-nghiep-usb-3-1-cho-phong-hop-vua-va-lon\/#primaryimage\"},\"thumbnailUrl\":\"https:\/\/dngcorp.vn\/wp-content\/uploads\/2024\/04\/images_1-1.png\",\"datePublished\":\"2024-04-25T10:18:19+00:00\",\"breadcrumb\":{\"@id\":\"https:\/\/dngcorp.vn\/en\/san-pham\/cam520-pro3-camera-hoi-nghi-chuyen-nghiep-usb-3-1-cho-phong-hop-vua-va-lon\/#breadcrumb\"},\"inLanguage\":\"en-US\",\"potentialAction\":[{\"@type\":\"ReadAction\",\"target\":[\"https:\/\/dngcorp.vn\/en\/san-pham\/cam520-pro3-camera-hoi-nghi-chuyen-nghiep-usb-3-1-cho-phong-hop-vua-va-lon\/\"]}]},{\"@type\":\"ImageObject\",\"inLanguage\":\"en-US\",\"@id\":\"https:\/\/dngcorp.vn\/en\/san-pham\/cam520-pro3-camera-hoi-nghi-chuyen-nghiep-usb-3-1-cho-phong-hop-vua-va-lon\/#primaryimage\",\"url\":\"https:\/\/dngcorp.vn\/wp-content\/uploads\/2024\/04\/images_1-1.png\",\"contentUrl\":\"https:\/\/dngcorp.vn\/wp-content\/uploads\/2024\/04\/images_1-1.png\",\"width\":551,\"height\":351},{\"@type\":\"BreadcrumbList\",\"@id\":\"https:\/\/dngcorp.vn\/en\/san-pham\/cam520-pro3-camera-hoi-nghi-chuyen-nghiep-usb-3-1-cho-phong-hop-vua-va-lon\/#breadcrumb\",\"itemListElement\":[{\"@type\":\"ListItem\",\"position\":1,\"name\":\"Home\",\"item\":\"https:\/\/dngcorp.vn\/en\/\"},{\"@type\":\"ListItem\",\"position\":2,\"name\":\"Shop\",\"item\":\"https:\/\/dngcorp.vn\/en\/shop\/\"},{\"@type\":\"ListItem\",\"position\":3,\"name\":\"CAM520 Pro3- Camera h\u1ed9i ngh\u1ecb chuy\u00ean nghi\u1ec7p USB 3.1 cho ph\u00f2ng h\u1ecdp v\u1eeba v\u00e0 l\u1edbn\"}]},{\"@type\":\"WebSite\",\"@id\":\"https:\/\/dngcorp.vn\/en\/#website\",\"url\":\"https:\/\/dngcorp.vn\/en\/\",\"name\":\"DNG SOLUTION DISTRIBUTION JOINT STOCK COMPANY\",\"description\":\"Kinh doanh c\u00e1c s\u1ea3n ph\u1ea9m An ninh gi\u00e1m s\u00e1t, Thi\u1ebft b\u1ecb h\u1ed9i ngh\u1ecb truy\u1ec1n h\u00ecnh, Networking, ICT Solution, AI &amp; Software\",\"potentialAction\":[{\"@type\":\"SearchAction\",\"target\":{\"@type\":\"EntryPoint\",\"urlTemplate\":\"https:\/\/dngcorp.vn\/en\/?s={search_term_string}\"},\"query-input\":{\"@type\":\"PropertyValueSpecification\",\"valueRequired\":true,\"valueName\":\"search_term_string\"}}],\"inLanguage\":\"en-US\"}]}<\/script>\n<!-- \/ Yoast SEO plugin. -->","yoast_head_json":{"title":"CAM520 Pro3- Camera h\u1ed9i ngh\u1ecb chuy\u00ean nghi\u1ec7p USB 3.1 cho ph\u00f2ng h\u1ecdp v\u1eeba v\u00e0 l\u1edbn - DNG SOLUTION DISTRIBUTION JOINT STOCK COMPANY","robots":{"index":"index","follow":"follow","max-snippet":"max-snippet:-1","max-image-preview":"max-image-preview:large","max-video-preview":"max-video-preview:-1"},"canonical":"https:\/\/dngcorp.vn\/en\/san-pham\/cam520-pro3-camera-hoi-nghi-chuyen-nghiep-usb-3-1-cho-phong-hop-vua-va-lon\/","og_locale":"en_US","og_type":"article","og_title":"CAM520 Pro3- Camera h\u1ed9i ngh\u1ecb chuy\u00ean nghi\u1ec7p USB 3.1 cho ph\u00f2ng h\u1ecdp v\u1eeba v\u00e0 l\u1edbn - DNG SOLUTION DISTRIBUTION JOINT STOCK COMPANY","og_description":"AVer CAM520 Pro3 v\u1edbi camera PTZ c\u00f3 t\u1ed5ng thu ph\u00f3ng 36X, khung h\u00ecnh th\u00f4ng minh \u0111\u01b0\u1ee3c n\u00e2ng c\u1ea5p, theo d\u00f5i \u0111i\u1ec3m \u0111\u1eb7t tr\u01b0\u1edbc v\u00e0 c\u1ea3m bi\u1ebfn Sony WDR. K\u1ebft n\u1ed1i HDMI cho ph\u00e9p hi\u1ec3n th\u1ecb nhi\u1ec1u m\u00e0n h\u00ecnh v\u00e0 ba \u0111\u1ea7u ra \u0111\u1ec3 c\u00f3 nhi\u1ec1u s\u1ef1 l\u1ef1a ch\u1ecdn truy\u1ec1n ph\u00e1t h\u00ecnh \u1ea3nh tr\u1ef1c tuy\u1ebfn h\u01a1n.  CAM520 Pro3 c\u00f2n cung c\u1ea5p t\u00ednh n\u0103ng Smart Composition - m\u1ed9t ch\u1ee9c n\u0103ng AI c\u00f3 th\u1ec3 nhanh ch\u00f3ng kh\u1edfi \u0111\u1ed9ng v\u00e0 ch\u1ee5p \u1ea3nh t\u1eebng ng\u01b0\u1eddi tham gia m\u00e0 kh\u00f4ng c\u1ea7n c\u00e0i \u0111\u1eb7t, gi\u00fap cu\u1ed9c h\u1ecdp tr\u1ef1c tuy\u1ebfn hi\u1ec7u qu\u1ea3 trong c\u00e1c ph\u00f2ng h\u1ed9i ngh\u1ecb truy\u1ec1n h\u00ecnh v\u1eeba v\u00e0 l\u1edbn.","og_url":"https:\/\/dngcorp.vn\/en\/san-pham\/cam520-pro3-camera-hoi-nghi-chuyen-nghiep-usb-3-1-cho-phong-hop-vua-va-lon\/","og_site_name":"DNG SOLUTION DISTRIBUTION JOINT STOCK COMPANY","og_image":[{"url":"https:\/\/dngcorp.vn\/wp-content\/uploads\/2024\/04\/cam520pro3-1.png","type":"","width":"","height":""}],"twitter_card":"summary_large_image","twitter_misc":{"Est. reading time":"3 minutes"},"schema":{"@context":"https:\/\/schema.org","@graph":[{"@type":"WebPage","@id":"https:\/\/dngcorp.vn\/en\/san-pham\/cam520-pro3-camera-hoi-nghi-chuyen-nghiep-usb-3-1-cho-phong-hop-vua-va-lon\/","url":"https:\/\/dngcorp.vn\/en\/san-pham\/cam520-pro3-camera-hoi-nghi-chuyen-nghiep-usb-3-1-cho-phong-hop-vua-va-lon\/","name":"CAM520 Pro3- Camera h\u1ed9i ngh\u1ecb chuy\u00ean nghi\u1ec7p USB 3.1 cho ph\u00f2ng h\u1ecdp v\u1eeba v\u00e0 l\u1edbn - DNG SOLUTION DISTRIBUTION JOINT STOCK COMPANY","isPartOf":{"@id":"https:\/\/dngcorp.vn\/en\/#website"},"primaryImageOfPage":{"@id":"https:\/\/dngcorp.vn\/en\/san-pham\/cam520-pro3-camera-hoi-nghi-chuyen-nghiep-usb-3-1-cho-phong-hop-vua-va-lon\/#primaryimage"},"image":{"@id":"https:\/\/dngcorp.vn\/en\/san-pham\/cam520-pro3-camera-hoi-nghi-chuyen-nghiep-usb-3-1-cho-phong-hop-vua-va-lon\/#primaryimage"},"thumbnailUrl":"https:\/\/dngcorp.vn\/wp-content\/uploads\/2024\/04\/images_1-1.png","datePublished":"2024-04-25T10:18:19+00:00","breadcrumb":{"@id":"https:\/\/dngcorp.vn\/en\/san-pham\/cam520-pro3-camera-hoi-nghi-chuyen-nghiep-usb-3-1-cho-phong-hop-vua-va-lon\/#breadcrumb"},"inLanguage":"en-US","potentialAction":[{"@type":"ReadAction","target":["https:\/\/dngcorp.vn\/en\/san-pham\/cam520-pro3-camera-hoi-nghi-chuyen-nghiep-usb-3-1-cho-phong-hop-vua-va-lon\/"]}]},{"@type":"ImageObject","inLanguage":"en-US","@id":"https:\/\/dngcorp.vn\/en\/san-pham\/cam520-pro3-camera-hoi-nghi-chuyen-nghiep-usb-3-1-cho-phong-hop-vua-va-lon\/#primaryimage","url":"https:\/\/dngcorp.vn\/wp-content\/uploads\/2024\/04\/images_1-1.png","contentUrl":"https:\/\/dngcorp.vn\/wp-content\/uploads\/2024\/04\/images_1-1.png","width":551,"height":351},{"@type":"BreadcrumbList","@id":"https:\/\/dngcorp.vn\/en\/san-pham\/cam520-pro3-camera-hoi-nghi-chuyen-nghiep-usb-3-1-cho-phong-hop-vua-va-lon\/#breadcrumb","itemListElement":[{"@type":"ListItem","position":1,"name":"Home","item":"https:\/\/dngcorp.vn\/en\/"},{"@type":"ListItem","position":2,"name":"Shop","item":"https:\/\/dngcorp.vn\/en\/shop\/"},{"@type":"ListItem","position":3,"name":"CAM520 Pro3- Camera h\u1ed9i ngh\u1ecb chuy\u00ean nghi\u1ec7p USB 3.1 cho ph\u00f2ng h\u1ecdp v\u1eeba v\u00e0 l\u1edbn"}]},{"@type":"WebSite","@id":"https:\/\/dngcorp.vn\/en\/#website","url":"https:\/\/dngcorp.vn\/en\/","name":"DNG SOLUTION DISTRIBUTION JOINT STOCK COMPANY","description":"Kinh doanh c\u00e1c s\u1ea3n ph\u1ea9m An ninh gi\u00e1m s\u00e1t, Thi\u1ebft b\u1ecb h\u1ed9i ngh\u1ecb truy\u1ec1n h\u00ecnh, Networking, ICT Solution, AI &amp; Software","potentialAction":[{"@type":"SearchAction","target":{"@type":"EntryPoint","urlTemplate":"https:\/\/dngcorp.vn\/en\/?s={search_term_string}"},"query-input":{"@type":"PropertyValueSpecification","valueRequired":true,"valueName":"search_term_string"}}],"inLanguage":"en-US"}]}},"_links":{"self":[{"href":"https:\/\/dngcorp.vn\/en\/wp-json\/wp\/v2\/product\/12322","targetHints":{"allow":["GET"]}}],"collection":[{"href":"https:\/\/dngcorp.vn\/en\/wp-json\/wp\/v2\/product"}],"about":[{"href":"https:\/\/dngcorp.vn\/en\/wp-json\/wp\/v2\/types\/product"}],"replies":[{"embeddable":true,"href":"https:\/\/dngcorp.vn\/en\/wp-json\/wp\/v2\/comments?post=12322"}],"wp:featuredmedia":[{"embeddable":true,"href":"https:\/\/dngcorp.vn\/en\/wp-json\/wp\/v2\/media\/9299"}],"wp:attachment":[{"href":"https:\/\/dngcorp.vn\/en\/wp-json\/wp\/v2\/media?parent=12322"}],"wp:term":[{"taxonomy":"brand_cat","embeddable":true,"href":"https:\/\/dngcorp.vn\/en\/wp-json\/wp\/v2\/brand_cat?post=12322"},{"taxonomy":"product_brand","embeddable":true,"href":"https:\/\/dngcorp.vn\/en\/wp-json\/wp\/v2\/product_brand?post=12322"},{"taxonomy":"product_cat","embeddable":true,"href":"https:\/\/dngcorp.vn\/en\/wp-json\/wp\/v2\/product_cat?post=12322"},{"taxonomy":"product_tag","embeddable":true,"href":"https:\/\/dngcorp.vn\/en\/wp-json\/wp\/v2\/product_tag?post=12322"}],"curies":[{"name":"wp","href":"https:\/\/api.w.org\/{rel}","templated":true}]}}