{"id":12349,"date":"2024-04-10T11:26:59","date_gmt":"2024-04-10T04:26:59","guid":{"rendered":"https:\/\/dngcorp.vn\/san-pham\/aver-u70i-may-thu-hinh-vat-the-usb-plug-and-play\/"},"modified":"2024-08-28T10:33:17","modified_gmt":"2024-08-28T03:33:17","slug":"aver-u70i-usb-plug-and-play-physical-video-recorder","status":"publish","type":"product","link":"https:\/\/dngcorp.vn\/en\/san-pham\/aver-u70i-usb-plug-and-play-physical-video-recorder\/","title":{"rendered":"AVer U70i \u2013 USB Plug and Play physical video recorder"},"content":{"rendered":"<h2><strong><span>Plug-and-Play USB object camera<\/span><\/strong><\/h2>\n<p><span>AVer U70i is a plug-and-play USB object camera that helps teachers easily create online or hybrid teaching environments instantly. The body is light and portable, making it convenient for teachers to teach anytime, anywhere. The high-quality lens is combined with an AI noise-reduction microphone, allowing teachers to take advantage of the camera whether capturing portraits or teaching materials, recording a course or teaching online, and fully express what Highlights of the teaching session.<\/span><\/p>\n<h4>\u00a0 \u00a0 \u00a0 \u00a0 \u00a0 \u00a0 \u00a0 \u00a0 \u00a0 \u00a0 \u00a0 \u00a0\u00a0<img decoding=\"async\" class=\"aligncenter\" src=\"https:\/\/bizweb.dktcdn.net\/100\/503\/824\/files\/406890778-322318567373540-3911128844232535957-n.png?v=1702896071402\" data-thumb=\"original\" \/><\/h4>\n<h3><strong><span>True 4K output resolution<\/span><\/strong><\/h3>\n<p><span>The U70i&#8217;s high-quality 4K resolution and 13-megapixel sensor ensure that the videos and images you capture are incredibly clear, providing a great experience for students. Use the U70i to help your students advance more engaging and accessible blended distance learning.<\/span><\/p>\n<h4>\u00a0 \u00a0 \u00a0 \u00a0 \u00a0\u00a0 \u00a0 \u00a0<img decoding=\"async\" class=\"aligncenter\" src=\"https:\/\/bizweb.dktcdn.net\/100\/503\/824\/files\/407160866-230881616706011-5120821613812827567-n.png?v=1702896167159\" data-thumb=\"original\" \/><\/h4>\n<h3><strong><span>16X Zoom and A3 Size Capture Area<\/span><\/strong><\/h3>\n<p><span>The giant photo area allows teachers to capture more and makes it easier for students to see every detail. Plus, the U70i&#8217;s autofocus ensures that your content is always in focus, and with 16X digital zoom, you can always zoom in for a closer look.<\/span><\/p>\n<h4><\/h4>\n<p><img decoding=\"async\" class=\"aligncenter\" src=\"https:\/\/bizweb.dktcdn.net\/100\/503\/824\/files\/406893146-332487629559553-2448198850973348390-n.png?v=1702896301725\" data-thumb=\"original\" \/><\/p>\n<h3><strong><span>AI Acoustics and Image Rotation<\/span><\/strong><\/h3>\n<p><span>AI Noise Reduction effectively reduces unwanted sounds and background noise so you can record lectures with better sound quality. Additionally, AI Image Rotation ensures that people and materials in your photos are always displayed at the correct angle.<\/span><\/p>\n<p><img decoding=\"async\" class=\"aligncenter\" src=\"https:\/\/bizweb.dktcdn.net\/100\/503\/824\/files\/visualimg-3-l-2.png?v=1702896346408\" data-thumb=\"original\" \/><img decoding=\"async\" class=\"aligncenter\" src=\"https:\/\/bizweb.dktcdn.net\/100\/503\/824\/files\/visualimg-3-r-1.png?v=1702896359059\" data-thumb=\"original\" \/><\/p>\n<h3><strong><span>Convenient storage and anti-slip design<\/span><\/strong><\/h3>\n<p><span>The camera head&#8217;s storage slot allows you to conveniently store the U70i when not in use, protecting it from damage and ensuring it&#8217;s always ready for the next use. Furthermore, the U70i&#8217;s anti-slip rubber base provides a stable platform for the camera when you shoot from any angle.<\/span><\/p>\n<h4>\u00a0 \u00a0 \u00a0 \u00a0 \u00a0 \u00a0 \u00a0 \u00a0 \u00a0 \u00a0 \u00a0 \u00a0 \u00a0 \u00a0 \u00a0\u00a0<img decoding=\"async\" class=\"aligncenter\" src=\"https:\/\/bizweb.dktcdn.net\/100\/503\/824\/files\/371494274-1752186495255369-6819550600805621674-n.png?v=1702896441692\" data-thumb=\"original\" \/><\/h4>\n<p>&nbsp;<\/p>\n<h3><strong><span>User-friendly function buttons<\/span><\/strong><\/h3>\n<p><span>Function buttons located near the top of the camera help control the camera conveniently and effectively. With all the necessary settings at your fingertips, the U70i is extremely user-friendly, allowing you to focus on capturing the perfect shot without worrying about complicated settings or extra steps. fig.<\/span><\/p>\n<p>&nbsp;<\/p>\n<p><img decoding=\"async\" class=\"aligncenter\" src=\"https:\/\/bizweb.dktcdn.net\/100\/503\/824\/files\/385547335-697612362473412-5210140960520156517-n.png?v=1702896514662\" data-thumb=\"original\" \/><\/p>\n<h3><strong><span>Free AVerTouch software enhances remote teaching capabilities<\/span><\/strong><\/h3>\n<p><span>Simply connect your U70i with one touch to start sharing content and annotations instantly as you go. With easy and intuitive functions\u2014as well as cloud synchronization for automatic backup of your annotations, photos, and recordings\u2014this software enriches the teaching experience with interactivity unprecedented. You can even take photos and record videos via Google Classroom by connecting the U70i with AVerTouch software.<\/span><\/p>\n","protected":false},"excerpt":{"rendered":"<h1>AVer U70i<\/h1>\n<ul>\n<li><span><span>1\/3.06\u201d CMOS image sensor<\/span><\/span><\/li>\n<li><span><span>Output resolution Up to 4K (3840 x 2160), 13 Megapixels<\/span><\/span><\/li>\n<li><span><span>16X digital zoom (via software)<\/span><\/span><\/li>\n<li><span><span>Frame rate up to 60 fps<\/span><\/span><\/li>\n<li><span><span>Autofocus, manual adjustment via software<\/span><\/span><\/li>\n<li><span><span>Recording size is larger than A3 size (440 x 330 mm)<\/span><\/span><\/li>\n<li><span><span>Mechanical rotation 0\u00b0 \/ 180\u00b0 (via button)<\/span><\/span><\/li>\n<li><span><span>Electronic rotation 0\u00b0 \/ 90\u00b0 \/ 180\u00b0 \/ 270\u00b0 (via software)<\/span><\/span><\/li>\n<\/ul>\n","protected":false},"featured_media":17198,"comment_status":"open","ping_status":"closed","template":"","meta":{"_acf_changed":false},"brand_cat":[332],"product_brand":[],"product_cat":[308],"product_tag":[],"class_list":{"0":"post-12349","1":"product","2":"type-product","3":"status-publish","4":"has-post-thumbnail","6":"brand_cat-aver-en","7":"product_cat-aver-camera-series","9":"first","10":"instock","11":"shipping-taxable","12":"product-type-simple"},"acf":[],"yoast_head":"<!-- This site is optimized with the Yoast SEO plugin v25.2 - https:\/\/yoast.com\/wordpress\/plugins\/seo\/ -->\n<title>AVer U70i \u2013 USB Plug and Play physical video recorder - DNG Corp<\/title>\n<meta name=\"description\" content=\"AVer U70i l\u00e0 camera v\u1eadt th\u1ec3 USB plug-and-play gi\u00fap gi\u00e1o vi\u00ean d\u1ec5 d\u00e0ng ki\u1ebfn t\u1ea1o m\u00f4i tr\u01b0\u1eddng gi\u1ea3ng d\u1ea1y tr\u1ef1c tuy\u1ebfn ho\u1eb7c k\u1ebft h\u1ee3p (hybrid) ngay l\u1eadp t\u1ee9c\" \/>\n<meta name=\"robots\" content=\"index, follow, max-snippet:-1, max-image-preview:large, max-video-preview:-1\" \/>\n<link rel=\"canonical\" href=\"https:\/\/dngcorp.vn\/en\/san-pham\/aver-u70i-usb-plug-and-play-physical-video-recorder\/\" \/>\n<meta property=\"og:locale\" content=\"en_US\" \/>\n<meta property=\"og:type\" content=\"article\" \/>\n<meta property=\"og:title\" content=\"AVer U70i \u2013 USB Plug and Play physical video recorder - DNG Corp\" \/>\n<meta property=\"og:description\" content=\"AVer U70i l\u00e0 camera v\u1eadt th\u1ec3 USB plug-and-play gi\u00fap gi\u00e1o vi\u00ean d\u1ec5 d\u00e0ng ki\u1ebfn t\u1ea1o m\u00f4i tr\u01b0\u1eddng gi\u1ea3ng d\u1ea1y tr\u1ef1c tuy\u1ebfn ho\u1eb7c k\u1ebft h\u1ee3p (hybrid) ngay l\u1eadp t\u1ee9c\" \/>\n<meta property=\"og:url\" content=\"https:\/\/dngcorp.vn\/en\/san-pham\/aver-u70i-usb-plug-and-play-physical-video-recorder\/\" \/>\n<meta property=\"og:site_name\" content=\"DNG SOLUTION DISTRIBUTION JOINT STOCK COMPANY\" \/>\n<meta property=\"article:modified_time\" content=\"2024-08-28T03:33:17+00:00\" \/>\n<meta property=\"og:image\" content=\"https:\/\/dngcorp.vn\/wp-content\/uploads\/2024\/04\/AVer-U70i.png\" \/>\n\t<meta property=\"og:image:width\" content=\"1000\" \/>\n\t<meta property=\"og:image:height\" content=\"1000\" \/>\n\t<meta property=\"og:image:type\" content=\"image\/png\" \/>\n<meta name=\"twitter:card\" content=\"summary_large_image\" \/>\n<meta name=\"twitter:label1\" content=\"Est. reading time\" \/>\n\t<meta name=\"twitter:data1\" content=\"4 minutes\" \/>\n<script type=\"application\/ld+json\" class=\"yoast-schema-graph\">{\"@context\":\"https:\/\/schema.org\",\"@graph\":[{\"@type\":\"WebPage\",\"@id\":\"https:\/\/dngcorp.vn\/en\/san-pham\/aver-u70i-usb-plug-and-play-physical-video-recorder\/\",\"url\":\"https:\/\/dngcorp.vn\/en\/san-pham\/aver-u70i-usb-plug-and-play-physical-video-recorder\/\",\"name\":\"AVer U70i \u2013 USB Plug and Play physical video recorder - DNG Corp\",\"isPartOf\":{\"@id\":\"https:\/\/dngcorp.vn\/en\/#website\"},\"primaryImageOfPage\":{\"@id\":\"https:\/\/dngcorp.vn\/en\/san-pham\/aver-u70i-usb-plug-and-play-physical-video-recorder\/#primaryimage\"},\"image\":{\"@id\":\"https:\/\/dngcorp.vn\/en\/san-pham\/aver-u70i-usb-plug-and-play-physical-video-recorder\/#primaryimage\"},\"thumbnailUrl\":\"https:\/\/dngcorp.vn\/wp-content\/uploads\/2024\/04\/AVer-U70i.png\",\"datePublished\":\"2024-04-10T04:26:59+00:00\",\"dateModified\":\"2024-08-28T03:33:17+00:00\",\"description\":\"AVer U70i l\u00e0 camera v\u1eadt th\u1ec3 USB plug-and-play gi\u00fap gi\u00e1o vi\u00ean d\u1ec5 d\u00e0ng ki\u1ebfn t\u1ea1o m\u00f4i tr\u01b0\u1eddng gi\u1ea3ng d\u1ea1y tr\u1ef1c tuy\u1ebfn ho\u1eb7c k\u1ebft h\u1ee3p (hybrid) ngay l\u1eadp t\u1ee9c\",\"breadcrumb\":{\"@id\":\"https:\/\/dngcorp.vn\/en\/san-pham\/aver-u70i-usb-plug-and-play-physical-video-recorder\/#breadcrumb\"},\"inLanguage\":\"en-US\",\"potentialAction\":[{\"@type\":\"ReadAction\",\"target\":[\"https:\/\/dngcorp.vn\/en\/san-pham\/aver-u70i-usb-plug-and-play-physical-video-recorder\/\"]}]},{\"@type\":\"ImageObject\",\"inLanguage\":\"en-US\",\"@id\":\"https:\/\/dngcorp.vn\/en\/san-pham\/aver-u70i-usb-plug-and-play-physical-video-recorder\/#primaryimage\",\"url\":\"https:\/\/dngcorp.vn\/wp-content\/uploads\/2024\/04\/AVer-U70i.png\",\"contentUrl\":\"https:\/\/dngcorp.vn\/wp-content\/uploads\/2024\/04\/AVer-U70i.png\",\"width\":1000,\"height\":1000,\"caption\":\"AVer U70i\"},{\"@type\":\"BreadcrumbList\",\"@id\":\"https:\/\/dngcorp.vn\/en\/san-pham\/aver-u70i-usb-plug-and-play-physical-video-recorder\/#breadcrumb\",\"itemListElement\":[{\"@type\":\"ListItem\",\"position\":1,\"name\":\"Home\",\"item\":\"https:\/\/dngcorp.vn\/en\/\"},{\"@type\":\"ListItem\",\"position\":2,\"name\":\"Shop\",\"item\":\"https:\/\/dngcorp.vn\/en\/shop\/\"},{\"@type\":\"ListItem\",\"position\":3,\"name\":\"AVer U70i \u2013 USB Plug and Play physical video recorder\"}]},{\"@type\":\"WebSite\",\"@id\":\"https:\/\/dngcorp.vn\/en\/#website\",\"url\":\"https:\/\/dngcorp.vn\/en\/\",\"name\":\"DNG SOLUTION DISTRIBUTION JOINT STOCK COMPANY\",\"description\":\"Kinh doanh c\u00e1c s\u1ea3n ph\u1ea9m An ninh gi\u00e1m s\u00e1t, Thi\u1ebft b\u1ecb h\u1ed9i ngh\u1ecb truy\u1ec1n h\u00ecnh, Networking, ICT Solution, AI &amp; Software\",\"potentialAction\":[{\"@type\":\"SearchAction\",\"target\":{\"@type\":\"EntryPoint\",\"urlTemplate\":\"https:\/\/dngcorp.vn\/en\/?s={search_term_string}\"},\"query-input\":{\"@type\":\"PropertyValueSpecification\",\"valueRequired\":true,\"valueName\":\"search_term_string\"}}],\"inLanguage\":\"en-US\"}]}<\/script>\n<!-- \/ Yoast SEO plugin. -->","yoast_head_json":{"title":"AVer U70i \u2013 USB Plug and Play physical video recorder - DNG Corp","description":"AVer U70i l\u00e0 camera v\u1eadt th\u1ec3 USB plug-and-play gi\u00fap gi\u00e1o vi\u00ean d\u1ec5 d\u00e0ng ki\u1ebfn t\u1ea1o m\u00f4i tr\u01b0\u1eddng gi\u1ea3ng d\u1ea1y tr\u1ef1c tuy\u1ebfn ho\u1eb7c k\u1ebft h\u1ee3p (hybrid) ngay l\u1eadp t\u1ee9c","robots":{"index":"index","follow":"follow","max-snippet":"max-snippet:-1","max-image-preview":"max-image-preview:large","max-video-preview":"max-video-preview:-1"},"canonical":"https:\/\/dngcorp.vn\/en\/san-pham\/aver-u70i-usb-plug-and-play-physical-video-recorder\/","og_locale":"en_US","og_type":"article","og_title":"AVer U70i \u2013 USB Plug and Play physical video recorder - DNG Corp","og_description":"AVer U70i l\u00e0 camera v\u1eadt th\u1ec3 USB plug-and-play gi\u00fap gi\u00e1o vi\u00ean d\u1ec5 d\u00e0ng ki\u1ebfn t\u1ea1o m\u00f4i tr\u01b0\u1eddng gi\u1ea3ng d\u1ea1y tr\u1ef1c tuy\u1ebfn ho\u1eb7c k\u1ebft h\u1ee3p (hybrid) ngay l\u1eadp t\u1ee9c","og_url":"https:\/\/dngcorp.vn\/en\/san-pham\/aver-u70i-usb-plug-and-play-physical-video-recorder\/","og_site_name":"DNG SOLUTION DISTRIBUTION JOINT STOCK COMPANY","article_modified_time":"2024-08-28T03:33:17+00:00","og_image":[{"width":1000,"height":1000,"url":"https:\/\/dngcorp.vn\/wp-content\/uploads\/2024\/04\/AVer-U70i.png","type":"image\/png"}],"twitter_card":"summary_large_image","twitter_misc":{"Est. reading time":"4 minutes"},"schema":{"@context":"https:\/\/schema.org","@graph":[{"@type":"WebPage","@id":"https:\/\/dngcorp.vn\/en\/san-pham\/aver-u70i-usb-plug-and-play-physical-video-recorder\/","url":"https:\/\/dngcorp.vn\/en\/san-pham\/aver-u70i-usb-plug-and-play-physical-video-recorder\/","name":"AVer U70i \u2013 USB Plug and Play physical video recorder - DNG Corp","isPartOf":{"@id":"https:\/\/dngcorp.vn\/en\/#website"},"primaryImageOfPage":{"@id":"https:\/\/dngcorp.vn\/en\/san-pham\/aver-u70i-usb-plug-and-play-physical-video-recorder\/#primaryimage"},"image":{"@id":"https:\/\/dngcorp.vn\/en\/san-pham\/aver-u70i-usb-plug-and-play-physical-video-recorder\/#primaryimage"},"thumbnailUrl":"https:\/\/dngcorp.vn\/wp-content\/uploads\/2024\/04\/AVer-U70i.png","datePublished":"2024-04-10T04:26:59+00:00","dateModified":"2024-08-28T03:33:17+00:00","description":"AVer U70i l\u00e0 camera v\u1eadt th\u1ec3 USB plug-and-play gi\u00fap gi\u00e1o vi\u00ean d\u1ec5 d\u00e0ng ki\u1ebfn t\u1ea1o m\u00f4i tr\u01b0\u1eddng gi\u1ea3ng d\u1ea1y tr\u1ef1c tuy\u1ebfn ho\u1eb7c k\u1ebft h\u1ee3p (hybrid) ngay l\u1eadp t\u1ee9c","breadcrumb":{"@id":"https:\/\/dngcorp.vn\/en\/san-pham\/aver-u70i-usb-plug-and-play-physical-video-recorder\/#breadcrumb"},"inLanguage":"en-US","potentialAction":[{"@type":"ReadAction","target":["https:\/\/dngcorp.vn\/en\/san-pham\/aver-u70i-usb-plug-and-play-physical-video-recorder\/"]}]},{"@type":"ImageObject","inLanguage":"en-US","@id":"https:\/\/dngcorp.vn\/en\/san-pham\/aver-u70i-usb-plug-and-play-physical-video-recorder\/#primaryimage","url":"https:\/\/dngcorp.vn\/wp-content\/uploads\/2024\/04\/AVer-U70i.png","contentUrl":"https:\/\/dngcorp.vn\/wp-content\/uploads\/2024\/04\/AVer-U70i.png","width":1000,"height":1000,"caption":"AVer U70i"},{"@type":"BreadcrumbList","@id":"https:\/\/dngcorp.vn\/en\/san-pham\/aver-u70i-usb-plug-and-play-physical-video-recorder\/#breadcrumb","itemListElement":[{"@type":"ListItem","position":1,"name":"Home","item":"https:\/\/dngcorp.vn\/en\/"},{"@type":"ListItem","position":2,"name":"Shop","item":"https:\/\/dngcorp.vn\/en\/shop\/"},{"@type":"ListItem","position":3,"name":"AVer U70i \u2013 USB Plug and Play physical video recorder"}]},{"@type":"WebSite","@id":"https:\/\/dngcorp.vn\/en\/#website","url":"https:\/\/dngcorp.vn\/en\/","name":"DNG SOLUTION DISTRIBUTION JOINT STOCK COMPANY","description":"Kinh doanh c\u00e1c s\u1ea3n ph\u1ea9m An ninh gi\u00e1m s\u00e1t, Thi\u1ebft b\u1ecb h\u1ed9i ngh\u1ecb truy\u1ec1n h\u00ecnh, Networking, ICT Solution, AI &amp; Software","potentialAction":[{"@type":"SearchAction","target":{"@type":"EntryPoint","urlTemplate":"https:\/\/dngcorp.vn\/en\/?s={search_term_string}"},"query-input":{"@type":"PropertyValueSpecification","valueRequired":true,"valueName":"search_term_string"}}],"inLanguage":"en-US"}]}},"_links":{"self":[{"href":"https:\/\/dngcorp.vn\/en\/wp-json\/wp\/v2\/product\/12349","targetHints":{"allow":["GET"]}}],"collection":[{"href":"https:\/\/dngcorp.vn\/en\/wp-json\/wp\/v2\/product"}],"about":[{"href":"https:\/\/dngcorp.vn\/en\/wp-json\/wp\/v2\/types\/product"}],"replies":[{"embeddable":true,"href":"https:\/\/dngcorp.vn\/en\/wp-json\/wp\/v2\/comments?post=12349"}],"wp:featuredmedia":[{"embeddable":true,"href":"https:\/\/dngcorp.vn\/en\/wp-json\/wp\/v2\/media\/17198"}],"wp:attachment":[{"href":"https:\/\/dngcorp.vn\/en\/wp-json\/wp\/v2\/media?parent=12349"}],"wp:term":[{"taxonomy":"brand_cat","embeddable":true,"href":"https:\/\/dngcorp.vn\/en\/wp-json\/wp\/v2\/brand_cat?post=12349"},{"taxonomy":"product_brand","embeddable":true,"href":"https:\/\/dngcorp.vn\/en\/wp-json\/wp\/v2\/product_brand?post=12349"},{"taxonomy":"product_cat","embeddable":true,"href":"https:\/\/dngcorp.vn\/en\/wp-json\/wp\/v2\/product_cat?post=12349"},{"taxonomy":"product_tag","embeddable":true,"href":"https:\/\/dngcorp.vn\/en\/wp-json\/wp\/v2\/product_tag?post=12349"}],"curies":[{"name":"wp","href":"https:\/\/api.w.org\/{rel}","templated":true}]}}