{"id":12361,"date":"2024-04-10T11:03:42","date_gmt":"2024-04-10T04:03:42","guid":{"rendered":"https:\/\/dngcorp.vn\/san-pham\/may-chieu-vat-the-aver-vision-f17\/"},"modified":"2024-08-28T10:50:53","modified_gmt":"2024-08-28T03:50:53","slug":"aver-vision-f17-object-projector","status":"publish","type":"product","link":"https:\/\/dngcorp.vn\/en\/san-pham\/aver-vision-f17-object-projector\/","title":{"rendered":"AVer Vision F17+ object projector"},"content":{"rendered":"<h2 style=\"text-align: justify;\"><strong><span>It is an object camera with 8M pixels camera, total zoom up to 27.2X and HDMI output.<\/span><\/strong><\/h2>\n<p style=\"text-align: justify;\"><span>AVer F17-8M is suitable for any classroom and is the best choice for schools and teachers. The F17-8M&#8217;s 8-megapixel lens, combined with 27.2x magnification, provides extremely high-resolution image quality where even small details are clearly visible. In addition, the F17-8M&#8217;s gooseneck design makes it not only easy to carry but also space-saving, and the two-way HDMI port allows for the display of all types of teaching materials. With F17-8M, students&#8217; learning environment is upgraded and teachers&#8217; teaching regime becomes more flexible.<\/span><\/p>\n<h4>\u00a0 \u00a0 \u00a0 \u00a0 \u00a0 \u00a0 \u00a0 \u00a0 \u00a0 \u00a0 \u00a0\u00a0<img decoding=\"async\" class=\"aligncenter\" src=\"https:\/\/bizweb.dktcdn.net\/100\/503\/824\/files\/407028635-838859908251707-1086072950403916863-n.png?v=1702894543767\" data-thumb=\"original\" \/><\/h4>\n<h3><strong><span>Incredible image quality<\/span><\/strong><\/h3>\n<p><span>Seeing is believing! This is the best description of the F17-8M&#8217;s image quality. High-sharp images allow you to perceive objects more realistically.<\/span><\/p>\n<h4>\u00a0 \u00a0 \u00a0 \u00a0 \u00a0 \u00a0 \u00a0 \u00a0 \u00a0 \u00a0 \u00a0 \u00a0 \u00a0 \u00a0 \u00a0 \u00a0 \u00a0 \u00a0 \u00a0 \u00a0 \u00a0 \u00a0\u00a0<img decoding=\"async\" class=\"aligncenter\" src=\"https:\/\/bizweb.dktcdn.net\/100\/503\/824\/files\/visualimg-1-14-min.png?v=1702894617925\" data-thumb=\"original\" \/><\/h4>\n<h3><strong><span>Flexible arm can rotate 360 \u200b\u200bdegrees<\/span><\/strong><\/h3>\n<p><span>The flexible gooseneck arm can be rotated at any angle as required to show details, with no dead corners in all directions. Students will not miss even the smallest detail.<\/span><\/p>\n<p><img decoding=\"async\" class=\"aligncenter\" src=\"https:\/\/bizweb.dktcdn.net\/100\/503\/824\/files\/visualimg-2-14.png?v=1702894655317\" data-thumb=\"original\" \/><\/p>\n<h3><strong><span>Transmit images via HDMI connection<\/span><\/strong><\/h3>\n<p><span>The teacher&#8217;s teaching materials are video-projected in full-HD resolution via an HDMI port connection from an interactive screen, computer or projector and allows for clearer interactive multimedia teaching.<\/span><\/p>\n<p><img decoding=\"async\" class=\"aligncenter\" src=\"https:\/\/bizweb.dktcdn.net\/100\/503\/824\/files\/visualimg-3-11.png?v=1702894696351\" data-thumb=\"original\" \/><\/p>\n<h3><strong><span>Ideal for e-Classrooms<\/span><\/strong><\/h3>\n<p><span>The M5 is a beautiful yet practical object camera device, optimized for e-classroom use combined with online teaching in the classroom or at home. Simply set up the M5 to record or broadcast online classroom lectures for students who can&#8217;t be there in person. In addition, teachers can also record electronic lectures and build a digital learning resource warehouse to support online teaching.<\/span><\/p>\n<h3><strong>AverTouch software improves the quality of online teaching<\/strong><\/h3>\n<p><span>AVerTouch is extremely powerful software designed specifically for AVer object recording cameras. &#8216;One touch&#8217; feature to connect the AVer camera to the teacher&#8217;s computer to share content, and you can sync to the cloud to automatically save annotated files, photos, videos v. help build e-learning and use AVerTouch to interact with students whether they are online or offline.<\/span><\/p>\n","protected":false},"excerpt":{"rendered":"<h2><strong>F17+<\/strong><\/h2>\n<ul>\n<li><span><span>23X digital zoom<\/span><\/span><\/li>\n<li><span><span>Internal storage of 200 images at XGA (1024 x 768)<\/span><\/span><\/li>\n<li><span><span>SDHC External Storage &amp; USB Drive (up to FAT32 \/ 32 GB)<\/span><\/span><\/li>\n<li><span><span>One-touch recording<\/span><\/span><\/li>\n<li><span><span>One-touch photo capture<\/span><\/span><\/li>\n<li><span><span>Image Effects Color \/ Black &amp; White \/ Negative<\/span><\/span><\/li>\n<li><span><span>Image adjustment (white balance\/exposure)<\/span><\/span><\/li>\n<\/ul>\n","protected":false},"featured_media":17204,"comment_status":"open","ping_status":"closed","template":"","meta":{"_acf_changed":false},"brand_cat":[332],"product_brand":[],"product_cat":[308,304],"product_tag":[],"class_list":{"0":"post-12361","1":"product","2":"type-product","3":"status-publish","4":"has-post-thumbnail","6":"brand_cat-aver-en","7":"product_cat-aver-camera-series","8":"product_cat-classroom-camera-medical-aver","10":"first","11":"instock","12":"shipping-taxable","13":"product-type-simple"},"acf":[],"yoast_head":"<!-- This site is optimized with the Yoast SEO plugin v25.2 - https:\/\/yoast.com\/wordpress\/plugins\/seo\/ -->\n<title>AVer Vision F17+ object projector - DNG SOLUTION DISTRIBUTION JOINT STOCK COMPANY<\/title>\n<meta name=\"description\" content=\"AVer F17-8M ph\u00f9 h\u1ee3p v\u1edbi m\u1ecdi l\u1edbp h\u1ecdc v\u00e0 l\u00e0 l\u1ef1a ch\u1ecdn t\u1ed1t nh\u1ea5t cho c\u00e1c tr\u01b0\u1eddng h\u1ecdc v\u00e0 gi\u00e1o vi\u00ean. \u1ed0ng k\u00ednh 8 megapixel c\u1ee7a F17-8M\" \/>\n<meta name=\"robots\" content=\"index, follow, max-snippet:-1, max-image-preview:large, max-video-preview:-1\" \/>\n<link rel=\"canonical\" href=\"https:\/\/dngcorp.vn\/en\/san-pham\/aver-vision-f17-object-projector\/\" \/>\n<meta property=\"og:locale\" content=\"en_US\" \/>\n<meta property=\"og:type\" content=\"article\" \/>\n<meta property=\"og:title\" content=\"AVer Vision F17+ object projector - DNG SOLUTION DISTRIBUTION JOINT STOCK COMPANY\" \/>\n<meta property=\"og:description\" content=\"AVer F17-8M ph\u00f9 h\u1ee3p v\u1edbi m\u1ecdi l\u1edbp h\u1ecdc v\u00e0 l\u00e0 l\u1ef1a ch\u1ecdn t\u1ed1t nh\u1ea5t cho c\u00e1c tr\u01b0\u1eddng h\u1ecdc v\u00e0 gi\u00e1o vi\u00ean. \u1ed0ng k\u00ednh 8 megapixel c\u1ee7a F17-8M\" \/>\n<meta property=\"og:url\" content=\"https:\/\/dngcorp.vn\/en\/san-pham\/aver-vision-f17-object-projector\/\" \/>\n<meta property=\"og:site_name\" content=\"DNG SOLUTION DISTRIBUTION JOINT STOCK COMPANY\" \/>\n<meta property=\"article:modified_time\" content=\"2024-08-28T03:50:53+00:00\" \/>\n<meta property=\"og:image\" content=\"https:\/\/dngcorp.vn\/wp-content\/uploads\/2024\/04\/AVer-Vision-F17.png\" \/>\n\t<meta property=\"og:image:width\" content=\"1000\" \/>\n\t<meta property=\"og:image:height\" content=\"1000\" \/>\n\t<meta property=\"og:image:type\" content=\"image\/png\" \/>\n<meta name=\"twitter:card\" content=\"summary_large_image\" \/>\n<meta name=\"twitter:label1\" content=\"Est. reading time\" \/>\n\t<meta name=\"twitter:data1\" content=\"3 minutes\" \/>\n<script type=\"application\/ld+json\" class=\"yoast-schema-graph\">{\"@context\":\"https:\/\/schema.org\",\"@graph\":[{\"@type\":\"WebPage\",\"@id\":\"https:\/\/dngcorp.vn\/en\/san-pham\/aver-vision-f17-object-projector\/\",\"url\":\"https:\/\/dngcorp.vn\/en\/san-pham\/aver-vision-f17-object-projector\/\",\"name\":\"AVer Vision F17+ object projector - DNG SOLUTION DISTRIBUTION JOINT STOCK COMPANY\",\"isPartOf\":{\"@id\":\"https:\/\/dngcorp.vn\/en\/#website\"},\"primaryImageOfPage\":{\"@id\":\"https:\/\/dngcorp.vn\/en\/san-pham\/aver-vision-f17-object-projector\/#primaryimage\"},\"image\":{\"@id\":\"https:\/\/dngcorp.vn\/en\/san-pham\/aver-vision-f17-object-projector\/#primaryimage\"},\"thumbnailUrl\":\"https:\/\/dngcorp.vn\/wp-content\/uploads\/2024\/04\/AVer-Vision-F17.png\",\"datePublished\":\"2024-04-10T04:03:42+00:00\",\"dateModified\":\"2024-08-28T03:50:53+00:00\",\"description\":\"AVer F17-8M ph\u00f9 h\u1ee3p v\u1edbi m\u1ecdi l\u1edbp h\u1ecdc v\u00e0 l\u00e0 l\u1ef1a ch\u1ecdn t\u1ed1t nh\u1ea5t cho c\u00e1c tr\u01b0\u1eddng h\u1ecdc v\u00e0 gi\u00e1o vi\u00ean. \u1ed0ng k\u00ednh 8 megapixel c\u1ee7a F17-8M\",\"breadcrumb\":{\"@id\":\"https:\/\/dngcorp.vn\/en\/san-pham\/aver-vision-f17-object-projector\/#breadcrumb\"},\"inLanguage\":\"en-US\",\"potentialAction\":[{\"@type\":\"ReadAction\",\"target\":[\"https:\/\/dngcorp.vn\/en\/san-pham\/aver-vision-f17-object-projector\/\"]}]},{\"@type\":\"ImageObject\",\"inLanguage\":\"en-US\",\"@id\":\"https:\/\/dngcorp.vn\/en\/san-pham\/aver-vision-f17-object-projector\/#primaryimage\",\"url\":\"https:\/\/dngcorp.vn\/wp-content\/uploads\/2024\/04\/AVer-Vision-F17.png\",\"contentUrl\":\"https:\/\/dngcorp.vn\/wp-content\/uploads\/2024\/04\/AVer-Vision-F17.png\",\"width\":1000,\"height\":1000,\"caption\":\"AVer Vision F17+\"},{\"@type\":\"BreadcrumbList\",\"@id\":\"https:\/\/dngcorp.vn\/en\/san-pham\/aver-vision-f17-object-projector\/#breadcrumb\",\"itemListElement\":[{\"@type\":\"ListItem\",\"position\":1,\"name\":\"Home\",\"item\":\"https:\/\/dngcorp.vn\/en\/\"},{\"@type\":\"ListItem\",\"position\":2,\"name\":\"Shop\",\"item\":\"https:\/\/dngcorp.vn\/en\/shop\/\"},{\"@type\":\"ListItem\",\"position\":3,\"name\":\"AVer Vision F17+ object projector\"}]},{\"@type\":\"WebSite\",\"@id\":\"https:\/\/dngcorp.vn\/en\/#website\",\"url\":\"https:\/\/dngcorp.vn\/en\/\",\"name\":\"DNG SOLUTION DISTRIBUTION JOINT STOCK COMPANY\",\"description\":\"Kinh doanh c\u00e1c s\u1ea3n ph\u1ea9m An ninh gi\u00e1m s\u00e1t, Thi\u1ebft b\u1ecb h\u1ed9i ngh\u1ecb truy\u1ec1n h\u00ecnh, Networking, ICT Solution, AI &amp; Software\",\"potentialAction\":[{\"@type\":\"SearchAction\",\"target\":{\"@type\":\"EntryPoint\",\"urlTemplate\":\"https:\/\/dngcorp.vn\/en\/?s={search_term_string}\"},\"query-input\":{\"@type\":\"PropertyValueSpecification\",\"valueRequired\":true,\"valueName\":\"search_term_string\"}}],\"inLanguage\":\"en-US\"}]}<\/script>\n<!-- \/ Yoast SEO plugin. -->","yoast_head_json":{"title":"AVer Vision F17+ object projector - DNG SOLUTION DISTRIBUTION JOINT STOCK COMPANY","description":"AVer F17-8M ph\u00f9 h\u1ee3p v\u1edbi m\u1ecdi l\u1edbp h\u1ecdc v\u00e0 l\u00e0 l\u1ef1a ch\u1ecdn t\u1ed1t nh\u1ea5t cho c\u00e1c tr\u01b0\u1eddng h\u1ecdc v\u00e0 gi\u00e1o vi\u00ean. \u1ed0ng k\u00ednh 8 megapixel c\u1ee7a F17-8M","robots":{"index":"index","follow":"follow","max-snippet":"max-snippet:-1","max-image-preview":"max-image-preview:large","max-video-preview":"max-video-preview:-1"},"canonical":"https:\/\/dngcorp.vn\/en\/san-pham\/aver-vision-f17-object-projector\/","og_locale":"en_US","og_type":"article","og_title":"AVer Vision F17+ object projector - DNG SOLUTION DISTRIBUTION JOINT STOCK COMPANY","og_description":"AVer F17-8M ph\u00f9 h\u1ee3p v\u1edbi m\u1ecdi l\u1edbp h\u1ecdc v\u00e0 l\u00e0 l\u1ef1a ch\u1ecdn t\u1ed1t nh\u1ea5t cho c\u00e1c tr\u01b0\u1eddng h\u1ecdc v\u00e0 gi\u00e1o vi\u00ean. \u1ed0ng k\u00ednh 8 megapixel c\u1ee7a F17-8M","og_url":"https:\/\/dngcorp.vn\/en\/san-pham\/aver-vision-f17-object-projector\/","og_site_name":"DNG SOLUTION DISTRIBUTION JOINT STOCK COMPANY","article_modified_time":"2024-08-28T03:50:53+00:00","og_image":[{"width":1000,"height":1000,"url":"https:\/\/dngcorp.vn\/wp-content\/uploads\/2024\/04\/AVer-Vision-F17.png","type":"image\/png"}],"twitter_card":"summary_large_image","twitter_misc":{"Est. reading time":"3 minutes"},"schema":{"@context":"https:\/\/schema.org","@graph":[{"@type":"WebPage","@id":"https:\/\/dngcorp.vn\/en\/san-pham\/aver-vision-f17-object-projector\/","url":"https:\/\/dngcorp.vn\/en\/san-pham\/aver-vision-f17-object-projector\/","name":"AVer Vision F17+ object projector - DNG SOLUTION DISTRIBUTION JOINT STOCK COMPANY","isPartOf":{"@id":"https:\/\/dngcorp.vn\/en\/#website"},"primaryImageOfPage":{"@id":"https:\/\/dngcorp.vn\/en\/san-pham\/aver-vision-f17-object-projector\/#primaryimage"},"image":{"@id":"https:\/\/dngcorp.vn\/en\/san-pham\/aver-vision-f17-object-projector\/#primaryimage"},"thumbnailUrl":"https:\/\/dngcorp.vn\/wp-content\/uploads\/2024\/04\/AVer-Vision-F17.png","datePublished":"2024-04-10T04:03:42+00:00","dateModified":"2024-08-28T03:50:53+00:00","description":"AVer F17-8M ph\u00f9 h\u1ee3p v\u1edbi m\u1ecdi l\u1edbp h\u1ecdc v\u00e0 l\u00e0 l\u1ef1a ch\u1ecdn t\u1ed1t nh\u1ea5t cho c\u00e1c tr\u01b0\u1eddng h\u1ecdc v\u00e0 gi\u00e1o vi\u00ean. \u1ed0ng k\u00ednh 8 megapixel c\u1ee7a F17-8M","breadcrumb":{"@id":"https:\/\/dngcorp.vn\/en\/san-pham\/aver-vision-f17-object-projector\/#breadcrumb"},"inLanguage":"en-US","potentialAction":[{"@type":"ReadAction","target":["https:\/\/dngcorp.vn\/en\/san-pham\/aver-vision-f17-object-projector\/"]}]},{"@type":"ImageObject","inLanguage":"en-US","@id":"https:\/\/dngcorp.vn\/en\/san-pham\/aver-vision-f17-object-projector\/#primaryimage","url":"https:\/\/dngcorp.vn\/wp-content\/uploads\/2024\/04\/AVer-Vision-F17.png","contentUrl":"https:\/\/dngcorp.vn\/wp-content\/uploads\/2024\/04\/AVer-Vision-F17.png","width":1000,"height":1000,"caption":"AVer Vision F17+"},{"@type":"BreadcrumbList","@id":"https:\/\/dngcorp.vn\/en\/san-pham\/aver-vision-f17-object-projector\/#breadcrumb","itemListElement":[{"@type":"ListItem","position":1,"name":"Home","item":"https:\/\/dngcorp.vn\/en\/"},{"@type":"ListItem","position":2,"name":"Shop","item":"https:\/\/dngcorp.vn\/en\/shop\/"},{"@type":"ListItem","position":3,"name":"AVer Vision F17+ object projector"}]},{"@type":"WebSite","@id":"https:\/\/dngcorp.vn\/en\/#website","url":"https:\/\/dngcorp.vn\/en\/","name":"DNG SOLUTION DISTRIBUTION JOINT STOCK COMPANY","description":"Kinh doanh c\u00e1c s\u1ea3n ph\u1ea9m An ninh gi\u00e1m s\u00e1t, Thi\u1ebft b\u1ecb h\u1ed9i ngh\u1ecb truy\u1ec1n h\u00ecnh, Networking, ICT Solution, AI &amp; Software","potentialAction":[{"@type":"SearchAction","target":{"@type":"EntryPoint","urlTemplate":"https:\/\/dngcorp.vn\/en\/?s={search_term_string}"},"query-input":{"@type":"PropertyValueSpecification","valueRequired":true,"valueName":"search_term_string"}}],"inLanguage":"en-US"}]}},"_links":{"self":[{"href":"https:\/\/dngcorp.vn\/en\/wp-json\/wp\/v2\/product\/12361","targetHints":{"allow":["GET"]}}],"collection":[{"href":"https:\/\/dngcorp.vn\/en\/wp-json\/wp\/v2\/product"}],"about":[{"href":"https:\/\/dngcorp.vn\/en\/wp-json\/wp\/v2\/types\/product"}],"replies":[{"embeddable":true,"href":"https:\/\/dngcorp.vn\/en\/wp-json\/wp\/v2\/comments?post=12361"}],"wp:featuredmedia":[{"embeddable":true,"href":"https:\/\/dngcorp.vn\/en\/wp-json\/wp\/v2\/media\/17204"}],"wp:attachment":[{"href":"https:\/\/dngcorp.vn\/en\/wp-json\/wp\/v2\/media?parent=12361"}],"wp:term":[{"taxonomy":"brand_cat","embeddable":true,"href":"https:\/\/dngcorp.vn\/en\/wp-json\/wp\/v2\/brand_cat?post=12361"},{"taxonomy":"product_brand","embeddable":true,"href":"https:\/\/dngcorp.vn\/en\/wp-json\/wp\/v2\/product_brand?post=12361"},{"taxonomy":"product_cat","embeddable":true,"href":"https:\/\/dngcorp.vn\/en\/wp-json\/wp\/v2\/product_cat?post=12361"},{"taxonomy":"product_tag","embeddable":true,"href":"https:\/\/dngcorp.vn\/en\/wp-json\/wp\/v2\/product_tag?post=12361"}],"curies":[{"name":"wp","href":"https:\/\/api.w.org\/{rel}","templated":true}]}}