{"id":12376,"date":"2024-04-10T09:22:52","date_gmt":"2024-04-10T02:22:52","guid":{"rendered":"https:\/\/dngcorp.vn\/san-pham\/professional-ptz-camera-ptz231\/"},"modified":"2024-08-28T11:52:58","modified_gmt":"2024-08-28T04:52:58","slug":"professional-ptz-camera-ptz231","status":"publish","type":"product","link":"https:\/\/dngcorp.vn\/en\/san-pham\/professional-ptz-camera-ptz231\/","title":{"rendered":"Professional PTZ Camera PTZ231"},"content":{"rendered":"<h1 id=\"h2_3157\">Aver PTZ231<\/h1>\n<h2>Professional PTZ Camera<\/h2>\n<p>AVer PTZ231 l\u00e0 camera PTZ ti\u00ean ti\u1ebfn cho ph\u00e9p b\u1ea1n ki\u1ec3m so\u00e1t ho\u00e0n to\u00e0n n\u1ed9i dung ph\u00e1t tr\u1ef1c tuy\u1ebfn. T\u1eadn h\u01b0\u1edfng kh\u1ea3 n\u0103ng ph\u00e1t tr\u1ef1c tuy\u1ebfn \u1edf c\u1ea5p \u0111\u1ed9 chuy\u00ean nghi\u1ec7p v\u1edbi \u0111\u1ea7u ra Full HD 1080p \u1edf t\u1ed1c \u0111\u1ed9 60 khung h\u00ecnh\/gi\u00e2y, zoom quang 30X v\u00e0 t\u00ednh n\u0103ng SmartShoot ti\u00ean ti\u1ebfn. N\u00e2ng c\u1ea5p m\u00e0n tr\u00ecnh di\u1ec5n ph\u00e1t tr\u1ef1c ti\u1ebfp c\u1ee7a b\u1ea1n v\u00e0 l\u00e0m kh\u00e1n gi\u1ea3 m\u00ea m\u1ea9n v\u1edbi PTZ231.<\/p>\n<div>\n<div class=\"productDescription_UbV5SNP5Eo\" data-selenium=\"overviewLongDescription\">\n<div class=\"js-injected-html text_UbV5SNP5Eo\">\n<p>Add a high-quality multifunction PTZ camera to your conference room, event space, or house of worship with the white\u00a0<b>PTZ231 PTZ Camera with 30x Optical Zoom<\/b>\u00a0from\u00a0<b>AVer<\/b>. The camera supports up to 1080p60 video capture in low light thanks to its wide dynamic range, and features subject tracking to automatically follow a speaker around the room. The camera features a 1\/2.8\u2033 HD CMOS sensor. It outputs video over 3G-SDI, HDMI, and USB-B 3.0 connections, and streams video\/audio over IP via RTMP\/RTSP. A Kensington lock slot allows you to keep your device secured.<\/p>\n<\/div>\n<\/div>\n<\/div>\n<div class=\"feature_UbV5SNP5Eo\">\n<div>\n<div class=\"feature_UbV5SNP5Eo\">\n<div class=\"featureHeader_UbV5SNP5Eo\">\n<div class=\"text_TAw0W35QK_ comfy_TAw0W35QK_ sizeTitle2_TAw0W35QK_ weightNormal_TAw0W35QK_ primary_i3MsQsqoe0\">30x Optical Zoom<\/div>\n<\/div>\n<div class=\"\">\n<div>\n<div class=\"js-injected-html text_UbV5SNP5Eo\">Experience amazing clarity as our 30x optical zoom camera and rapid autofocus bring every participant into sharp focus.<\/div>\n<\/div>\n<\/div>\n<\/div>\n<\/div>\n<div>\n<div class=\"feature_UbV5SNP5Eo\">\n<div class=\"featureHeader_UbV5SNP5Eo\">\n<div class=\"text_TAw0W35QK_ comfy_TAw0W35QK_ sizeTitle2_TAw0W35QK_ weightNormal_TAw0W35QK_ primary_i3MsQsqoe0\">Full HD Resolution<\/div>\n<\/div>\n<div class=\"\">\n<div>\n<div class=\"js-injected-html text_UbV5SNP5Eo\">The PTZ231 enhances your streaming experience with a high-quality Sony sensor and Full HD 1080p resolution. The image processor optimizes shot quality automatically, whether it\u2019s a close-up or an extreme long shot, delivering an impressive visual experience.<\/div>\n<\/div>\n<\/div>\n<\/div>\n<\/div>\n<div>\n<div class=\"feature_UbV5SNP5Eo\">\n<div class=\"featureHeader_UbV5SNP5Eo\">\n<div class=\"text_TAw0W35QK_ comfy_TAw0W35QK_ sizeTitle2_TAw0W35QK_ weightNormal_TAw0W35QK_ primary_i3MsQsqoe0\">Simplified Connections<\/div>\n<\/div>\n<div class=\"\">\n<div>\n<div class=\"js-injected-html text_UbV5SNP5Eo\">The PTZ231 supports seamless 60 fps streaming capabilities across HDMI, USB, and IP outputs. Free yourself from intricate settings and cable clutter, all while managing multiple devices seamlessly and maintaining smooth video streaming.<\/div>\n<\/div>\n<\/div>\n<\/div>\n<\/div>\n<div>\n<div class=\"feature_UbV5SNP5Eo\">\n<div class=\"featureHeader_UbV5SNP5Eo\">\n<div class=\"text_TAw0W35QK_ comfy_TAw0W35QK_ sizeTitle2_TAw0W35QK_ weightNormal_TAw0W35QK_ primary_i3MsQsqoe0\">Fast and Precise<\/div>\n<\/div>\n<div class=\"\">\n<div>\n<div class=\"js-injected-html text_UbV5SNP5Eo\">Indulge in the versatility of customizable movement speed, ranging from 0.1 to 200\u00b0 per second, ensuring exceptional agility and precision. This sensitivity and seamless multi-angle movement allow you to capture captivating footage.<\/div>\n<\/div>\n<\/div>\n<\/div>\n<\/div>\n<div>\n<div class=\"feature_UbV5SNP5Eo\">\n<div class=\"featureHeader_UbV5SNP5Eo\">\n<div class=\"text_TAw0W35QK_ comfy_TAw0W35QK_ sizeTitle2_TAw0W35QK_ weightNormal_TAw0W35QK_ primary_i3MsQsqoe0\">SmartShoot Tracking<\/div>\n<\/div>\n<div class=\"\">\n<div>\n<div class=\"js-injected-html text_UbV5SNP5Eo\">With its built-in SmartShoot functionality, the PTZ231 uses live Human Detection to autonomously maneuver the camera across up to four preset zones. The camera remains focused on the presenter, swiftly transitioning between shooting zones as needed, delivering sharp images of both the presenter and their content.<\/div>\n<\/div>\n<\/div>\n<\/div>\n<\/div>\n<div>\n<div class=\"feature_UbV5SNP5Eo\">\n<div class=\"featureHeader_UbV5SNP5Eo\">\n<div class=\"text_TAw0W35QK_ comfy_TAw0W35QK_ sizeTitle2_TAw0W35QK_ weightNormal_TAw0W35QK_ primary_i3MsQsqoe0\">Voice Tracking<\/div>\n<\/div>\n<div class=\"\">\n<div>\n<div class=\"js-injected-html text_UbV5SNP5Eo\">PTZ Link software lets you combine a PTZ camera with audio pickup devices. Easily transform your AVer Pro AV Camera into a voice tracking camera with preset areas that let the camera automatically shift between various speakers. Take your streams from ordinary to extraordinary with PTZ Link\u2019s seamless camera and audio integration.<\/div>\n<\/div>\n<\/div>\n<\/div>\n<\/div>\n<\/div>\n","protected":false},"excerpt":{"rendered":"<ul class=\"list_OMS5rN7R1Z\">\n<li class=\"listItem_OMS5rN7R1Z\" data-selenium=\"sellingPointsListItem\">1\/2.8&#8243; 2MP HD CMOS Sensor<\/li>\n<li class=\"listItem_OMS5rN7R1Z\" data-selenium=\"sellingPointsListItem\">3G-SDI, HDMI, USB &amp; IP Streaming Output<\/li>\n<li class=\"listItem_OMS5rN7R1Z\" data-selenium=\"sellingPointsListItem\">Capture\/Stream up to 1080p60 Video<\/li>\n<li class=\"listItem_OMS5rN7R1Z\" data-selenium=\"sellingPointsListItem\">30x Optical Zoom, 1x Digital Zoom<\/li>\n<li class=\"listItem_OMS5rN7R1Z\" data-selenium=\"sellingPointsListItem\">62.3 to 2.5\u00b0 Horizontal Field of View<\/li>\n<li class=\"listItem_OMS5rN7R1Z\" data-selenium=\"sellingPointsListItem\">\u00b1170\u00b0 Pan, -30 to 90\u00b0 Tilt Range<\/li>\n<li class=\"listItem_OMS5rN7R1Z\" data-selenium=\"sellingPointsListItem\">RS-232\/RS-422\/VISCA\/Pelco Serial Control<\/li>\n<li class=\"listItem_OMS5rN7R1Z\" data-selenium=\"sellingPointsListItem\">Embedded Audio &amp; 3.5mm Stereo Analog In<\/li>\n<li class=\"listItem_OMS5rN7R1Z\" data-selenium=\"sellingPointsListItem\">MJPEG\/H.264\/H.265\/AAC Streaming Formats<\/li>\n<li class=\"listItem_OMS5rN7R1Z\" data-selenium=\"sellingPointsListItem\">Kensington Security Lock, PoE Support<\/li>\n<\/ul>\n","protected":false},"featured_media":17192,"comment_status":"open","ping_status":"closed","template":"","meta":{"_acf_changed":false},"brand_cat":[332],"product_brand":[],"product_cat":[309],"product_tag":[],"class_list":{"0":"post-12376","1":"product","2":"type-product","3":"status-publish","4":"has-post-thumbnail","6":"brand_cat-aver-en","7":"product_cat-pro-av-camera-dedicated-ptz-av-series","9":"first","10":"instock","11":"shipping-taxable","12":"product-type-simple"},"acf":[],"yoast_head":"<!-- This site is optimized with the Yoast SEO plugin v25.2 - https:\/\/yoast.com\/wordpress\/plugins\/seo\/ -->\n<title>Professional PTZ Camera PTZ231 - DNG SOLUTION DISTRIBUTION JOINT STOCK COMPANY<\/title>\n<meta name=\"robots\" content=\"index, follow, max-snippet:-1, max-image-preview:large, max-video-preview:-1\" \/>\n<link rel=\"canonical\" href=\"https:\/\/dngcorp.vn\/en\/san-pham\/professional-ptz-camera-ptz231\/\" \/>\n<meta property=\"og:locale\" content=\"en_US\" \/>\n<meta property=\"og:type\" content=\"article\" \/>\n<meta property=\"og:title\" content=\"Professional PTZ Camera PTZ231 - DNG SOLUTION DISTRIBUTION JOINT STOCK COMPANY\" \/>\n<meta property=\"og:description\" content=\"1\/2.8&quot; 2MP HD CMOS Sensor  3G-SDI, HDMI, USB &amp; IP Streaming Output  Capture\/Stream up to 1080p60 Video  30x Optical Zoom, 1x Digital Zoom  62.3 to 2.5\u00b0 Horizontal Field of View  \u00b1170\u00b0 Pan, -30 to 90\u00b0 Tilt Range  RS-232\/RS-422\/VISCA\/Pelco Serial Control  Embedded Audio &amp; 3.5mm Stereo Analog In  MJPEG\/H.264\/H.265\/AAC Streaming Formats  Kensington Security Lock, PoE Support\" \/>\n<meta property=\"og:url\" content=\"https:\/\/dngcorp.vn\/en\/san-pham\/professional-ptz-camera-ptz231\/\" \/>\n<meta property=\"og:site_name\" content=\"DNG SOLUTION DISTRIBUTION JOINT STOCK COMPANY\" \/>\n<meta property=\"article:modified_time\" content=\"2024-08-28T04:52:58+00:00\" \/>\n<meta property=\"og:image\" content=\"https:\/\/dngcorp.vn\/wp-content\/uploads\/2024\/04\/AVer-PTZ231.png\" \/>\n\t<meta property=\"og:image:width\" content=\"1000\" \/>\n\t<meta property=\"og:image:height\" content=\"1000\" \/>\n\t<meta property=\"og:image:type\" content=\"image\/png\" \/>\n<meta name=\"twitter:card\" content=\"summary_large_image\" \/>\n<meta name=\"twitter:label1\" content=\"Est. reading time\" \/>\n\t<meta name=\"twitter:data1\" content=\"3 minutes\" \/>\n<script type=\"application\/ld+json\" class=\"yoast-schema-graph\">{\"@context\":\"https:\/\/schema.org\",\"@graph\":[{\"@type\":\"WebPage\",\"@id\":\"https:\/\/dngcorp.vn\/en\/san-pham\/professional-ptz-camera-ptz231\/\",\"url\":\"https:\/\/dngcorp.vn\/en\/san-pham\/professional-ptz-camera-ptz231\/\",\"name\":\"Professional PTZ Camera PTZ231 - DNG SOLUTION DISTRIBUTION JOINT STOCK COMPANY\",\"isPartOf\":{\"@id\":\"https:\/\/dngcorp.vn\/en\/#website\"},\"primaryImageOfPage\":{\"@id\":\"https:\/\/dngcorp.vn\/en\/san-pham\/professional-ptz-camera-ptz231\/#primaryimage\"},\"image\":{\"@id\":\"https:\/\/dngcorp.vn\/en\/san-pham\/professional-ptz-camera-ptz231\/#primaryimage\"},\"thumbnailUrl\":\"https:\/\/dngcorp.vn\/wp-content\/uploads\/2024\/04\/AVer-PTZ231.png\",\"datePublished\":\"2024-04-10T02:22:52+00:00\",\"dateModified\":\"2024-08-28T04:52:58+00:00\",\"breadcrumb\":{\"@id\":\"https:\/\/dngcorp.vn\/en\/san-pham\/professional-ptz-camera-ptz231\/#breadcrumb\"},\"inLanguage\":\"en-US\",\"potentialAction\":[{\"@type\":\"ReadAction\",\"target\":[\"https:\/\/dngcorp.vn\/en\/san-pham\/professional-ptz-camera-ptz231\/\"]}]},{\"@type\":\"ImageObject\",\"inLanguage\":\"en-US\",\"@id\":\"https:\/\/dngcorp.vn\/en\/san-pham\/professional-ptz-camera-ptz231\/#primaryimage\",\"url\":\"https:\/\/dngcorp.vn\/wp-content\/uploads\/2024\/04\/AVer-PTZ231.png\",\"contentUrl\":\"https:\/\/dngcorp.vn\/wp-content\/uploads\/2024\/04\/AVer-PTZ231.png\",\"width\":1000,\"height\":1000,\"caption\":\"AVer PTZ231\"},{\"@type\":\"BreadcrumbList\",\"@id\":\"https:\/\/dngcorp.vn\/en\/san-pham\/professional-ptz-camera-ptz231\/#breadcrumb\",\"itemListElement\":[{\"@type\":\"ListItem\",\"position\":1,\"name\":\"Home\",\"item\":\"https:\/\/dngcorp.vn\/en\/\"},{\"@type\":\"ListItem\",\"position\":2,\"name\":\"Shop\",\"item\":\"https:\/\/dngcorp.vn\/en\/shop\/\"},{\"@type\":\"ListItem\",\"position\":3,\"name\":\"Professional PTZ Camera PTZ231\"}]},{\"@type\":\"WebSite\",\"@id\":\"https:\/\/dngcorp.vn\/en\/#website\",\"url\":\"https:\/\/dngcorp.vn\/en\/\",\"name\":\"DNG SOLUTION DISTRIBUTION JOINT STOCK COMPANY\",\"description\":\"Kinh doanh c\u00e1c s\u1ea3n ph\u1ea9m An ninh gi\u00e1m s\u00e1t, Thi\u1ebft b\u1ecb h\u1ed9i ngh\u1ecb truy\u1ec1n h\u00ecnh, Networking, ICT Solution, AI &amp; Software\",\"potentialAction\":[{\"@type\":\"SearchAction\",\"target\":{\"@type\":\"EntryPoint\",\"urlTemplate\":\"https:\/\/dngcorp.vn\/en\/?s={search_term_string}\"},\"query-input\":{\"@type\":\"PropertyValueSpecification\",\"valueRequired\":true,\"valueName\":\"search_term_string\"}}],\"inLanguage\":\"en-US\"}]}<\/script>\n<!-- \/ Yoast SEO plugin. -->","yoast_head_json":{"title":"Professional PTZ Camera PTZ231 - DNG SOLUTION DISTRIBUTION JOINT STOCK COMPANY","robots":{"index":"index","follow":"follow","max-snippet":"max-snippet:-1","max-image-preview":"max-image-preview:large","max-video-preview":"max-video-preview:-1"},"canonical":"https:\/\/dngcorp.vn\/en\/san-pham\/professional-ptz-camera-ptz231\/","og_locale":"en_US","og_type":"article","og_title":"Professional PTZ Camera PTZ231 - DNG SOLUTION DISTRIBUTION JOINT STOCK COMPANY","og_description":"1\/2.8\" 2MP HD CMOS Sensor  3G-SDI, HDMI, USB &amp; IP Streaming Output  Capture\/Stream up to 1080p60 Video  30x Optical Zoom, 1x Digital Zoom  62.3 to 2.5\u00b0 Horizontal Field of View  \u00b1170\u00b0 Pan, -30 to 90\u00b0 Tilt Range  RS-232\/RS-422\/VISCA\/Pelco Serial Control  Embedded Audio &amp; 3.5mm Stereo Analog In  MJPEG\/H.264\/H.265\/AAC Streaming Formats  Kensington Security Lock, PoE Support","og_url":"https:\/\/dngcorp.vn\/en\/san-pham\/professional-ptz-camera-ptz231\/","og_site_name":"DNG SOLUTION DISTRIBUTION JOINT STOCK COMPANY","article_modified_time":"2024-08-28T04:52:58+00:00","og_image":[{"width":1000,"height":1000,"url":"https:\/\/dngcorp.vn\/wp-content\/uploads\/2024\/04\/AVer-PTZ231.png","type":"image\/png"}],"twitter_card":"summary_large_image","twitter_misc":{"Est. reading time":"3 minutes"},"schema":{"@context":"https:\/\/schema.org","@graph":[{"@type":"WebPage","@id":"https:\/\/dngcorp.vn\/en\/san-pham\/professional-ptz-camera-ptz231\/","url":"https:\/\/dngcorp.vn\/en\/san-pham\/professional-ptz-camera-ptz231\/","name":"Professional PTZ Camera PTZ231 - DNG SOLUTION DISTRIBUTION JOINT STOCK COMPANY","isPartOf":{"@id":"https:\/\/dngcorp.vn\/en\/#website"},"primaryImageOfPage":{"@id":"https:\/\/dngcorp.vn\/en\/san-pham\/professional-ptz-camera-ptz231\/#primaryimage"},"image":{"@id":"https:\/\/dngcorp.vn\/en\/san-pham\/professional-ptz-camera-ptz231\/#primaryimage"},"thumbnailUrl":"https:\/\/dngcorp.vn\/wp-content\/uploads\/2024\/04\/AVer-PTZ231.png","datePublished":"2024-04-10T02:22:52+00:00","dateModified":"2024-08-28T04:52:58+00:00","breadcrumb":{"@id":"https:\/\/dngcorp.vn\/en\/san-pham\/professional-ptz-camera-ptz231\/#breadcrumb"},"inLanguage":"en-US","potentialAction":[{"@type":"ReadAction","target":["https:\/\/dngcorp.vn\/en\/san-pham\/professional-ptz-camera-ptz231\/"]}]},{"@type":"ImageObject","inLanguage":"en-US","@id":"https:\/\/dngcorp.vn\/en\/san-pham\/professional-ptz-camera-ptz231\/#primaryimage","url":"https:\/\/dngcorp.vn\/wp-content\/uploads\/2024\/04\/AVer-PTZ231.png","contentUrl":"https:\/\/dngcorp.vn\/wp-content\/uploads\/2024\/04\/AVer-PTZ231.png","width":1000,"height":1000,"caption":"AVer PTZ231"},{"@type":"BreadcrumbList","@id":"https:\/\/dngcorp.vn\/en\/san-pham\/professional-ptz-camera-ptz231\/#breadcrumb","itemListElement":[{"@type":"ListItem","position":1,"name":"Home","item":"https:\/\/dngcorp.vn\/en\/"},{"@type":"ListItem","position":2,"name":"Shop","item":"https:\/\/dngcorp.vn\/en\/shop\/"},{"@type":"ListItem","position":3,"name":"Professional PTZ Camera PTZ231"}]},{"@type":"WebSite","@id":"https:\/\/dngcorp.vn\/en\/#website","url":"https:\/\/dngcorp.vn\/en\/","name":"DNG SOLUTION DISTRIBUTION JOINT STOCK COMPANY","description":"Kinh doanh c\u00e1c s\u1ea3n ph\u1ea9m An ninh gi\u00e1m s\u00e1t, Thi\u1ebft b\u1ecb h\u1ed9i ngh\u1ecb truy\u1ec1n h\u00ecnh, Networking, ICT Solution, AI &amp; Software","potentialAction":[{"@type":"SearchAction","target":{"@type":"EntryPoint","urlTemplate":"https:\/\/dngcorp.vn\/en\/?s={search_term_string}"},"query-input":{"@type":"PropertyValueSpecification","valueRequired":true,"valueName":"search_term_string"}}],"inLanguage":"en-US"}]}},"_links":{"self":[{"href":"https:\/\/dngcorp.vn\/en\/wp-json\/wp\/v2\/product\/12376","targetHints":{"allow":["GET"]}}],"collection":[{"href":"https:\/\/dngcorp.vn\/en\/wp-json\/wp\/v2\/product"}],"about":[{"href":"https:\/\/dngcorp.vn\/en\/wp-json\/wp\/v2\/types\/product"}],"replies":[{"embeddable":true,"href":"https:\/\/dngcorp.vn\/en\/wp-json\/wp\/v2\/comments?post=12376"}],"wp:featuredmedia":[{"embeddable":true,"href":"https:\/\/dngcorp.vn\/en\/wp-json\/wp\/v2\/media\/17192"}],"wp:attachment":[{"href":"https:\/\/dngcorp.vn\/en\/wp-json\/wp\/v2\/media?parent=12376"}],"wp:term":[{"taxonomy":"brand_cat","embeddable":true,"href":"https:\/\/dngcorp.vn\/en\/wp-json\/wp\/v2\/brand_cat?post=12376"},{"taxonomy":"product_brand","embeddable":true,"href":"https:\/\/dngcorp.vn\/en\/wp-json\/wp\/v2\/product_brand?post=12376"},{"taxonomy":"product_cat","embeddable":true,"href":"https:\/\/dngcorp.vn\/en\/wp-json\/wp\/v2\/product_cat?post=12376"},{"taxonomy":"product_tag","embeddable":true,"href":"https:\/\/dngcorp.vn\/en\/wp-json\/wp\/v2\/product_tag?post=12376"}],"curies":[{"name":"wp","href":"https:\/\/api.w.org\/{rel}","templated":true}]}}